{"id":6594,"date":"2022-02-10T11:00:22","date_gmt":"2022-02-10T08:00:22","guid":{"rendered":"https:\/\/www.artealpan.com\/?page_id=6594"},"modified":"2022-02-10T14:14:15","modified_gmt":"2022-02-10T11:14:15","slug":"eaton","status":"publish","type":"page","link":"https:\/\/www.artealpan.com\/index.php\/urunlerimiz\/eaton\/","title":{"rendered":"EATON"},"content":{"rendered":"<div class=\"pt-cv-wrapper\"><div class=\"pt-cv-view pt-cv-grid pt-cv-colsys\" id=\"pt-cv-view-f827f1dd6e\"><div data-id=\"pt-cv-page-1\" class=\"pt-cv-page\" data-cvc=\"4\"><div class=\"col-md-3 col-sm-6 col-xs-12 pt-cv-content-item pt-cv-1-col\"  data-pid=\"6381\"><div class='pt-cv-ifield'><a href=\"https:\/\/www.artealpan.com\/index.php\/2022\/02\/09\/dc1-serisi-hiz-kontrol-cihazi\/\" class=\"_self pt-cv-href-thumbnail pt-cv-thumb-default cvplbd cvp-responsive-image img-thumbnail\" target=\"_self\" data-iw=\"300\" data-ih=\"300\"><img width=\"264\" height=\"148\" src=\"https:\/\/www.artealpan.com\/wp-content\/uploads\/2022\/02\/dc1.jpg\" class=\"pt-cv-thumbnail img-thumbnail no-lazyload \" alt=\"DC1 Serisi H\u0131z Kontrol Cihaz\u0131\" \/><\/a>\n<h4 class=\"pt-cv-title\"><a href=\"https:\/\/www.artealpan.com\/index.php\/2022\/02\/09\/dc1-serisi-hiz-kontrol-cihazi\/\" class=\"_self cvplbd\" target=\"_self\" data-iw=\"300\" data-ih=\"300\">DC1 Serisi H\u0131z Kontrol Cihaz\u0131<\/a><\/h4><\/div><\/div>\n<div class=\"col-md-3 col-sm-6 col-xs-12 pt-cv-content-item pt-cv-1-col\"  data-pid=\"6383\"><div class='pt-cv-ifield'><a href=\"https:\/\/www.artealpan.com\/index.php\/2022\/02\/09\/da1-serisi-gelismis-hiz-kontrol-cihazi\/\" class=\"_self pt-cv-href-thumbnail pt-cv-thumb-default cvplbd cvp-responsive-image img-thumbnail\" target=\"_self\" data-iw=\"300\" data-ih=\"300\"><img width=\"264\" height=\"148\" src=\"https:\/\/www.artealpan.com\/wp-content\/uploads\/2022\/02\/DA1.jpg\" class=\"pt-cv-thumbnail img-thumbnail no-lazyload \" alt=\"DA1 Serisi Geli\u015fmi\u015f H\u0131z Kontrol Cihaz\u0131\" \/><\/a>\n<h4 class=\"pt-cv-title\"><a href=\"https:\/\/www.artealpan.com\/index.php\/2022\/02\/09\/da1-serisi-gelismis-hiz-kontrol-cihazi\/\" class=\"_self cvplbd\" target=\"_self\" data-iw=\"300\" data-ih=\"300\">DA1 Serisi Geli\u015fmi\u015f H\u0131z Kontrol Cihaz\u0131<\/a><\/h4><\/div><\/div>\n<div class=\"col-md-3 col-sm-6 col-xs-12 pt-cv-content-item pt-cv-1-col\"  data-pid=\"6385\"><div class='pt-cv-ifield'><a href=\"https:\/\/www.artealpan.com\/index.php\/2022\/02\/09\/de1-serisi-hiz-ayarli-yolverici\/\" class=\"_self pt-cv-href-thumbnail pt-cv-thumb-default cvplbd cvp-responsive-image img-thumbnail\" target=\"_self\" data-iw=\"300\" data-ih=\"300\"><img width=\"264\" height=\"148\" src=\"https:\/\/www.artealpan.com\/wp-content\/uploads\/2022\/02\/DE1.jpg\" class=\"pt-cv-thumbnail img-thumbnail no-lazyload \" alt=\"DE1 Serisi H\u0131z Ayarl\u0131 Yolverici\" \/><\/a>\n<h4 class=\"pt-cv-title\"><a href=\"https:\/\/www.artealpan.com\/index.php\/2022\/02\/09\/de1-serisi-hiz-ayarli-yolverici\/\" class=\"_self cvplbd\" target=\"_self\" data-iw=\"300\" data-ih=\"300\">DE1 Serisi H\u0131z Ayarl\u0131 Yolverici<\/a><\/h4><\/div><\/div>\n<div class=\"col-md-3 col-sm-6 col-xs-12 pt-cv-content-item pt-cv-1-col\"  data-pid=\"6387\"><div class='pt-cv-ifield'><a href=\"https:\/\/www.artealpan.com\/index.php\/2022\/02\/09\/pkzm0-pkzm4-serisi-motor-koruma-salterleri\/\" class=\"_self pt-cv-href-thumbnail pt-cv-thumb-default cvplbd cvp-responsive-image img-thumbnail\" target=\"_self\" data-iw=\"300\" data-ih=\"300\"><img width=\"264\" height=\"148\" src=\"https:\/\/www.artealpan.com\/wp-content\/uploads\/2022\/02\/pkzm.jpg\" class=\"pt-cv-thumbnail img-thumbnail no-lazyload \" alt=\"PKZM0 \u2013 PKZM4 Serisi Motor Koruma \u015ealterleri\" \/><\/a>\n<h4 class=\"pt-cv-title\"><a href=\"https:\/\/www.artealpan.com\/index.php\/2022\/02\/09\/pkzm0-pkzm4-serisi-motor-koruma-salterleri\/\" class=\"_self cvplbd\" target=\"_self\" data-iw=\"300\" data-ih=\"300\">PKZM0 \u2013 PKZM4 Serisi Motor Koruma \u015ealterleri<\/a><\/h4><\/div><\/div>\n<div class=\"col-md-3 col-sm-6 col-xs-12 pt-cv-content-item pt-cv-1-col\"  data-pid=\"6389\"><div class='pt-cv-ifield'><a href=\"https:\/\/www.artealpan.com\/index.php\/2022\/02\/09\/ds7-serisi-yumusak-yolverici\/\" class=\"_self pt-cv-href-thumbnail pt-cv-thumb-default cvplbd cvp-responsive-image img-thumbnail\" target=\"_self\" data-iw=\"300\" data-ih=\"300\"><img width=\"264\" height=\"148\" src=\"https:\/\/www.artealpan.com\/wp-content\/uploads\/2022\/02\/DS7.jpg\" class=\"pt-cv-thumbnail img-thumbnail no-lazyload \" alt=\"DS7 Serisi Yumu\u015fak Yolverici\" \/><\/a>\n<h4 class=\"pt-cv-title\"><a href=\"https:\/\/www.artealpan.com\/index.php\/2022\/02\/09\/ds7-serisi-yumusak-yolverici\/\" class=\"_self cvplbd\" target=\"_self\" data-iw=\"300\" data-ih=\"300\">DS7 Serisi Yumu\u015fak Yolverici<\/a><\/h4><\/div><\/div>\n<div class=\"col-md-3 col-sm-6 col-xs-12 pt-cv-content-item pt-cv-1-col\"  data-pid=\"6391\"><div class='pt-cv-ifield'><a href=\"https:\/\/www.artealpan.com\/index.php\/2022\/02\/09\/s801-s811-serisi-yumusak-yolverici\/\" class=\"_self pt-cv-href-thumbnail pt-cv-thumb-default cvplbd cvp-responsive-image img-thumbnail\" target=\"_self\" data-iw=\"300\" data-ih=\"300\"><img width=\"264\" height=\"148\" src=\"https:\/\/www.artealpan.com\/wp-content\/uploads\/2022\/02\/S811.jpg\" class=\"pt-cv-thumbnail img-thumbnail no-lazyload \" alt=\"S801+\/S811+ Serisi Yumu\u015fak Yolverici\" \/><\/a>\n<h4 class=\"pt-cv-title\"><a href=\"https:\/\/www.artealpan.com\/index.php\/2022\/02\/09\/s801-s811-serisi-yumusak-yolverici\/\" class=\"_self cvplbd\" target=\"_self\" data-iw=\"300\" data-ih=\"300\">S801+\/S811+ Serisi Yumu\u015fak Yolverici<\/a><\/h4><\/div><\/div>\n<div class=\"col-md-3 col-sm-6 col-xs-12 pt-cv-content-item pt-cv-1-col\"  data-pid=\"6375\"><div class='pt-cv-ifield'><a href=\"https:\/\/www.artealpan.com\/index.php\/2022\/02\/09\/kontaktorler-3-kutup\/\" class=\"_self pt-cv-href-thumbnail pt-cv-thumb-default cvplbd cvp-responsive-image img-thumbnail\" target=\"_self\" data-iw=\"300\" data-ih=\"300\"><img width=\"264\" height=\"148\" src=\"https:\/\/www.artealpan.com\/wp-content\/uploads\/2022\/02\/pct_276140.jpg\" class=\"pt-cv-thumbnail img-thumbnail no-lazyload \" alt=\"Kontakt\u00f6rler - 3 kutup\" \/><\/a>\n<h4 class=\"pt-cv-title\"><a href=\"https:\/\/www.artealpan.com\/index.php\/2022\/02\/09\/kontaktorler-3-kutup\/\" class=\"_self cvplbd\" target=\"_self\" data-iw=\"300\" data-ih=\"300\">Kontakt\u00f6rler &#8211; 3 kutup<\/a><\/h4><\/div><\/div>\n<div class=\"col-md-3 col-sm-6 col-xs-12 pt-cv-content-item pt-cv-1-col\"  data-pid=\"6379\"><div class='pt-cv-ifield'><a href=\"https:\/\/www.artealpan.com\/index.php\/2022\/02\/09\/motor-koruma-roleleri\/\" class=\"_self pt-cv-href-thumbnail pt-cv-thumb-default cvplbd cvp-responsive-image img-thumbnail\" target=\"_self\" data-iw=\"300\" data-ih=\"300\"><img width=\"264\" height=\"148\" src=\"https:\/\/www.artealpan.com\/wp-content\/uploads\/2022\/02\/pct_276180.jpg\" class=\"pt-cv-thumbnail img-thumbnail no-lazyload \" alt=\"Motor Koruma R\u00f6leleri\" \/><\/a>\n<h4 class=\"pt-cv-title\"><a href=\"https:\/\/www.artealpan.com\/index.php\/2022\/02\/09\/motor-koruma-roleleri\/\" class=\"_self cvplbd\" target=\"_self\" data-iw=\"300\" data-ih=\"300\">Motor Koruma R\u00f6leleri<\/a><\/h4><\/div><\/div>\n<div class=\"col-md-3 col-sm-6 col-xs-12 pt-cv-content-item pt-cv-1-col\"  data-pid=\"6233\"><div class='pt-cv-ifield'><a href=\"https:\/\/www.artealpan.com\/index.php\/2022\/02\/09\/eaton-svx9000-hiz-kontrol-cihazi-yogun-sartlarda-tum-amaclar-icin-kullanima-uygun-standart-degisken-frekansli-suruculer\/\" class=\"_self pt-cv-href-thumbnail pt-cv-thumb-default cvplbd cvp-responsive-image img-thumbnail\" target=\"_self\" data-iw=\"300\" data-ih=\"300\"><img width=\"300\" height=\"277\" src=\"https:\/\/www.artealpan.com\/wp-content\/uploads\/2022\/02\/SVX9000-300x277.jpg\" class=\"pt-cv-thumbnail img-thumbnail no-lazyload \" alt=\"Eaton - SVX9000 H\u0131z Kontrol Cihaz\u0131\" srcset=\"https:\/\/www.artealpan.com\/wp-content\/uploads\/2022\/02\/SVX9000-300x277.jpg 300w, https:\/\/www.artealpan.com\/wp-content\/uploads\/2022\/02\/SVX9000.jpg 423w\" sizes=\"(max-width: 300px) 100vw, 300px\" \/><\/a>\n<h4 class=\"pt-cv-title\"><a href=\"https:\/\/www.artealpan.com\/index.php\/2022\/02\/09\/eaton-svx9000-hiz-kontrol-cihazi-yogun-sartlarda-tum-amaclar-icin-kullanima-uygun-standart-degisken-frekansli-suruculer\/\" class=\"_self cvplbd\" target=\"_self\" data-iw=\"300\" data-ih=\"300\">Eaton &#8211; SVX9000 H\u0131z Kontrol Cihaz\u0131<\/a><\/h4><\/div><\/div>\n<div class=\"col-md-3 col-sm-6 col-xs-12 pt-cv-content-item pt-cv-1-col\"  data-pid=\"6235\"><div class='pt-cv-ifield'><a href=\"https:\/\/www.artealpan.com\/index.php\/2022\/02\/09\/eaton-dilmp-kontaktorler\/\" class=\"_self pt-cv-href-thumbnail pt-cv-thumb-default cvplbd cvp-responsive-image img-thumbnail\" target=\"_self\" data-iw=\"300\" data-ih=\"300\"><img width=\"300\" height=\"277\" src=\"https:\/\/www.artealpan.com\/wp-content\/uploads\/2022\/02\/Eaton-DILMP-Kontaktor-300x277.jpg\" class=\"pt-cv-thumbnail img-thumbnail no-lazyload \" alt=\"Eaton - DILMP Kontakt\u00f6rler\" srcset=\"https:\/\/www.artealpan.com\/wp-content\/uploads\/2022\/02\/Eaton-DILMP-Kontaktor-300x277.jpg 300w, https:\/\/www.artealpan.com\/wp-content\/uploads\/2022\/02\/Eaton-DILMP-Kontaktor.jpg 423w\" sizes=\"(max-width: 300px) 100vw, 300px\" \/><\/a>\n<h4 class=\"pt-cv-title\"><a href=\"https:\/\/www.artealpan.com\/index.php\/2022\/02\/09\/eaton-dilmp-kontaktorler\/\" class=\"_self cvplbd\" target=\"_self\" data-iw=\"300\" data-ih=\"300\">Eaton &#8211; DILMP Kontakt\u00f6rler<\/a><\/h4><\/div><\/div>\n<div class=\"col-md-3 col-sm-6 col-xs-12 pt-cv-content-item pt-cv-1-col\"  data-pid=\"6237\"><div class='pt-cv-ifield'><a href=\"https:\/\/www.artealpan.com\/index.php\/2022\/02\/09\/eaton-xvtl-alcak-gerilim-guc-dagitim\/\" class=\"_self pt-cv-href-thumbnail pt-cv-thumb-default cvplbd cvp-responsive-image img-thumbnail\" target=\"_self\" data-iw=\"300\" data-ih=\"300\"><img width=\"300\" height=\"277\" src=\"https:\/\/www.artealpan.com\/wp-content\/uploads\/2022\/02\/xVTL-Alcak-Gerilim-300x277.jpg\" class=\"pt-cv-thumbnail img-thumbnail no-lazyload \" alt=\"Eaton - xVTL Al\u00e7ak Gerilim G\u00fc\u00e7 Da\u011f\u0131t\u0131m\" srcset=\"https:\/\/www.artealpan.com\/wp-content\/uploads\/2022\/02\/xVTL-Alcak-Gerilim-300x277.jpg 300w, https:\/\/www.artealpan.com\/wp-content\/uploads\/2022\/02\/xVTL-Alcak-Gerilim.jpg 423w\" sizes=\"(max-width: 300px) 100vw, 300px\" \/><\/a>\n<h4 class=\"pt-cv-title\"><a href=\"https:\/\/www.artealpan.com\/index.php\/2022\/02\/09\/eaton-xvtl-alcak-gerilim-guc-dagitim\/\" class=\"_self cvplbd\" target=\"_self\" data-iw=\"300\" data-ih=\"300\">Eaton &#8211; xVTL Al\u00e7ak Gerilim G\u00fc\u00e7 Da\u011f\u0131t\u0131m<\/a><\/h4><\/div><\/div>\n<div class=\"col-md-3 col-sm-6 col-xs-12 pt-cv-content-item pt-cv-1-col\"  data-pid=\"6239\"><div class='pt-cv-ifield'><a href=\"https:\/\/www.artealpan.com\/index.php\/2022\/02\/09\/eaton-kacak-akim-cihazlari-drcm\/\" class=\"_self pt-cv-href-thumbnail pt-cv-thumb-default cvplbd cvp-responsive-image img-thumbnail\" target=\"_self\" data-iw=\"300\" data-ih=\"300\"><img width=\"300\" height=\"277\" src=\"https:\/\/www.artealpan.com\/wp-content\/uploads\/2022\/02\/pct_450529-300x277.jpg\" class=\"pt-cv-thumbnail img-thumbnail no-lazyload \" alt=\"Eaton - Ka\u00e7ak Ak\u0131m Cihazlar\u0131 dRCM\" srcset=\"https:\/\/www.artealpan.com\/wp-content\/uploads\/2022\/02\/pct_450529-300x277.jpg 300w, https:\/\/www.artealpan.com\/wp-content\/uploads\/2022\/02\/pct_450529.jpg 423w\" sizes=\"(max-width: 300px) 100vw, 300px\" \/><\/a>\n<h4 class=\"pt-cv-title\"><a href=\"https:\/\/www.artealpan.com\/index.php\/2022\/02\/09\/eaton-kacak-akim-cihazlari-drcm\/\" class=\"_self cvplbd\" target=\"_self\" data-iw=\"300\" data-ih=\"300\">Eaton &#8211; Ka\u00e7ak Ak\u0131m Cihazlar\u0131 dRCM<\/a><\/h4><\/div><\/div><\/div><\/div><\/div>\t\t\t<style type=\"text\/css\" id=\"pt-cv-inline-style-8a33ef5y0i\">#pt-cv-view-f827f1dd6e .pt-cv-href-thumbnail  { margin-left: auto !important; margin-right: auto !important; display: block !important; text-align: center !important; clear: both !important; }\n#pt-cv-view-f827f1dd6e .pt-cv-title a, #pt-cv-view-f827f1dd6e  .panel-title { font-weight: 600 !important; display: block !important; text-align: center !important; clear: both !important; }\n#pt-cv-view-f827f1dd6e .pt-cv-carousel-caption  { background-color: rgba(51,51,51,.6) !important; }\n#pt-cv-view-f827f1dd6e .pt-cv-specialp { background-color: #CC3333 !important }\n#pt-cv-view-f827f1dd6e .pt-cv-specialp * { color: #fff !important; }\n#pt-cv-view-f827f1dd6e .pt-cv-pficon  { color: #bbb !important; }\n#pt-cv-view-f827f1dd6e .pt-cv-readmore  { color: #ffffff !important; background-color: #00aeef !important; }\n#pt-cv-view-f827f1dd6e .pt-cv-readmore:hover  { color: #ffffff !important; background-color: #00aeef !important; }\n#pt-cv-view-f827f1dd6e  + .pt-cv-pagination-wrapper .pt-cv-more , #pt-cv-view-f827f1dd6e  + .pt-cv-pagination-wrapper .pagination .active a { color: #ffffff !important; background-color: #00aeef !important; }\n#pt-cv-view-f827f1dd6e .cvp-responsive-image[style*=\"background-image\"] { width: 300px; height: 300px; }<\/style>\r\n\t\t\t\n","protected":false},"excerpt":{"rendered":"","protected":false},"author":1,"featured_media":0,"parent":6578,"menu_order":0,"comment_status":"closed","ping_status":"closed","template":"","meta":[],"_links":{"self":[{"href":"https:\/\/www.artealpan.com\/index.php\/wp-json\/wp\/v2\/pages\/6594"}],"collection":[{"href":"https:\/\/www.artealpan.com\/index.php\/wp-json\/wp\/v2\/pages"}],"about":[{"href":"https:\/\/www.artealpan.com\/index.php\/wp-json\/wp\/v2\/types\/page"}],"author":[{"embeddable":true,"href":"https:\/\/www.artealpan.com\/index.php\/wp-json\/wp\/v2\/users\/1"}],"replies":[{"embeddable":true,"href":"https:\/\/www.artealpan.com\/index.php\/wp-json\/wp\/v2\/comments?post=6594"}],"version-history":[{"count":2,"href":"https:\/\/www.artealpan.com\/index.php\/wp-json\/wp\/v2\/pages\/6594\/revisions"}],"predecessor-version":[{"id":6818,"href":"https:\/\/www.artealpan.com\/index.php\/wp-json\/wp\/v2\/pages\/6594\/revisions\/6818"}],"up":[{"embeddable":true,"href":"https:\/\/www.artealpan.com\/index.php\/wp-json\/wp\/v2\/pages\/6578"}],"wp:attachment":[{"href":"https:\/\/www.artealpan.com\/index.php\/wp-json\/wp\/v2\/media?parent=6594"}],"curies":[{"name":"wp","href":"https:\/\/api.w.org\/{rel}","templated":true}]}}