{"id":6592,"date":"2022-02-10T10:59:47","date_gmt":"2022-02-10T07:59:47","guid":{"rendered":"https:\/\/www.artealpan.com\/?page_id=6592"},"modified":"2022-02-10T13:55:43","modified_gmt":"2022-02-10T10:55:43","slug":"emotron","status":"publish","type":"page","link":"https:\/\/www.artealpan.com\/index.php\/urunlerimiz\/emotron\/","title":{"rendered":"EMOTRON"},"content":{"rendered":"<div class=\"pt-cv-wrapper\"><div class=\"pt-cv-view pt-cv-grid pt-cv-colsys\" id=\"pt-cv-view-b66a608bdq\"><div data-id=\"pt-cv-page-1\" class=\"pt-cv-page\" data-cvc=\"4\"><div class=\"col-md-3 col-sm-6 col-xs-12 pt-cv-content-item pt-cv-1-col\"  data-pid=\"6418\"><div class='pt-cv-ifield'><a href=\"https:\/\/www.artealpan.com\/index.php\/2022\/02\/09\/emotron-tsa-soft-starter\/\" class=\"_self pt-cv-href-thumbnail pt-cv-thumb-default cvplbd cvp-responsive-image img-thumbnail\" target=\"_self\" data-iw=\"300\" data-ih=\"300\"><img width=\"300\" height=\"300\" style=\"max-height: 300px;\" src=\"https:\/\/www.artealpan.com\/wp-content\/plugins\/pt-content-views-pro\/public\/assets\/images\/default_image.png\" class=\"pt-cv-thumbnail img-thumbnail not-found no-lazyload \" alt=\"EMOTRON TSA SOFT STARTER\" \/><\/a>\n<h4 class=\"pt-cv-title\"><a href=\"https:\/\/www.artealpan.com\/index.php\/2022\/02\/09\/emotron-tsa-soft-starter\/\" class=\"_self cvplbd\" target=\"_self\" data-iw=\"300\" data-ih=\"300\">EMOTRON TSA SOFT STARTER<\/a><\/h4><\/div><\/div>\n<div class=\"col-md-3 col-sm-6 col-xs-12 pt-cv-content-item pt-cv-1-col\"  data-pid=\"6205\"><div class='pt-cv-ifield'><a href=\"https:\/\/www.artealpan.com\/index.php\/2022\/02\/09\/cg-emotron-ac-motor-hiz-kontrol-cihazlari-alcak-gerilim-hiz-kontrol-cihazlari-emotron-fdu-2-0-ip54-serisi\/\" class=\"_self pt-cv-href-thumbnail pt-cv-thumb-default cvplbd cvp-responsive-image img-thumbnail\" target=\"_self\" data-iw=\"300\" data-ih=\"300\"><img width=\"300\" height=\"277\" src=\"https:\/\/www.artealpan.com\/wp-content\/uploads\/2022\/02\/Emotron_FDU_2c-300x277.jpg\" class=\"pt-cv-thumbnail img-thumbnail no-lazyload \" alt=\"Emotron - FDU-IP54 Serisi\" srcset=\"https:\/\/www.artealpan.com\/wp-content\/uploads\/2022\/02\/Emotron_FDU_2c-300x277.jpg 300w, https:\/\/www.artealpan.com\/wp-content\/uploads\/2022\/02\/Emotron_FDU_2c.jpg 423w\" sizes=\"(max-width: 300px) 100vw, 300px\" \/><\/a>\n<h4 class=\"pt-cv-title\"><a href=\"https:\/\/www.artealpan.com\/index.php\/2022\/02\/09\/cg-emotron-ac-motor-hiz-kontrol-cihazlari-alcak-gerilim-hiz-kontrol-cihazlari-emotron-fdu-2-0-ip54-serisi\/\" class=\"_self cvplbd\" target=\"_self\" data-iw=\"300\" data-ih=\"300\">Emotron &#8211; FDU-IP54 Serisi<\/a><\/h4><\/div><\/div>\n<div class=\"col-md-3 col-sm-6 col-xs-12 pt-cv-content-item pt-cv-1-col\"  data-pid=\"6207\"><div class='pt-cv-ifield'><a href=\"https:\/\/www.artealpan.com\/index.php\/2022\/02\/09\/cg-emotron-saft-guc-monitor-emotron-m20-serisi\/\" class=\"_self pt-cv-href-thumbnail pt-cv-thumb-default cvplbd cvp-responsive-image img-thumbnail\" target=\"_self\" data-iw=\"300\" data-ih=\"300\"><img width=\"300\" height=\"209\" src=\"https:\/\/www.artealpan.com\/wp-content\/uploads\/2022\/02\/msf-300x209.png\" class=\"pt-cv-thumbnail img-thumbnail no-lazyload \" alt=\"Emotron - MSF Serisi AC Soft Starter\" srcset=\"https:\/\/www.artealpan.com\/wp-content\/uploads\/2022\/02\/msf-300x209.png 300w, https:\/\/www.artealpan.com\/wp-content\/uploads\/2022\/02\/msf.png 434w\" sizes=\"(max-width: 300px) 100vw, 300px\" \/><\/a>\n<h4 class=\"pt-cv-title\"><a href=\"https:\/\/www.artealpan.com\/index.php\/2022\/02\/09\/cg-emotron-saft-guc-monitor-emotron-m20-serisi\/\" class=\"_self cvplbd\" target=\"_self\" data-iw=\"300\" data-ih=\"300\">Emotron &#8211; MSF Serisi AC Soft Starter<\/a><\/h4><\/div><\/div>\n<div class=\"col-md-3 col-sm-6 col-xs-12 pt-cv-content-item pt-cv-1-col\"  data-pid=\"6210\"><div class='pt-cv-ifield'><a href=\"https:\/\/www.artealpan.com\/index.php\/2022\/02\/09\/cg-emotron-ac-motor-hiz-kontrol-cihazlari-alcak-gerilim-hiz-kontrol-cihazlari-emotron-fdu-2-0-ip20-serisi\/\" class=\"_self pt-cv-href-thumbnail pt-cv-thumb-default cvplbd cvp-responsive-image img-thumbnail\" target=\"_self\" data-iw=\"300\" data-ih=\"300\"><img width=\"300\" height=\"197\" src=\"https:\/\/www.artealpan.com\/wp-content\/uploads\/2022\/02\/Emotron-FDU-AC-drives_19112604-300x197.jpg\" class=\"pt-cv-thumbnail img-thumbnail no-lazyload \" alt=\"Emotron - FDU IP20 Serisi\" srcset=\"https:\/\/www.artealpan.com\/wp-content\/uploads\/2022\/02\/Emotron-FDU-AC-drives_19112604-300x197.jpg 300w, https:\/\/www.artealpan.com\/wp-content\/uploads\/2022\/02\/Emotron-FDU-AC-drives_19112604.jpg 532w\" sizes=\"(max-width: 300px) 100vw, 300px\" \/><\/a>\n<h4 class=\"pt-cv-title\"><a href=\"https:\/\/www.artealpan.com\/index.php\/2022\/02\/09\/cg-emotron-ac-motor-hiz-kontrol-cihazlari-alcak-gerilim-hiz-kontrol-cihazlari-emotron-fdu-2-0-ip20-serisi\/\" class=\"_self cvplbd\" target=\"_self\" data-iw=\"300\" data-ih=\"300\">Emotron &#8211; FDU IP20 Serisi<\/a><\/h4><\/div><\/div>\n<div class=\"col-md-3 col-sm-6 col-xs-12 pt-cv-content-item pt-cv-1-col\"  data-pid=\"6213\"><div class='pt-cv-ifield'><a href=\"https:\/\/www.artealpan.com\/index.php\/2022\/02\/09\/cg-emotron-ac-motor-hiz-kontrol-cihazlari-alcak-gerilim-hiz-kontrol-cihazlari-emotron-vfx-2-0-ip54-serisi\/\" class=\"_self pt-cv-href-thumbnail pt-cv-thumb-default cvplbd cvp-responsive-image img-thumbnail\" target=\"_self\" data-iw=\"300\" data-ih=\"300\"><img width=\"300\" height=\"277\" src=\"https:\/\/www.artealpan.com\/wp-content\/uploads\/2022\/02\/Emotron_VFX_2c-300x277.jpg\" class=\"pt-cv-thumbnail img-thumbnail no-lazyload \" alt=\"Emotron - VFX-IP54 Serisi\" srcset=\"https:\/\/www.artealpan.com\/wp-content\/uploads\/2022\/02\/Emotron_VFX_2c-300x277.jpg 300w, https:\/\/www.artealpan.com\/wp-content\/uploads\/2022\/02\/Emotron_VFX_2c.jpg 423w\" sizes=\"(max-width: 300px) 100vw, 300px\" \/><\/a>\n<h4 class=\"pt-cv-title\"><a href=\"https:\/\/www.artealpan.com\/index.php\/2022\/02\/09\/cg-emotron-ac-motor-hiz-kontrol-cihazlari-alcak-gerilim-hiz-kontrol-cihazlari-emotron-vfx-2-0-ip54-serisi\/\" class=\"_self cvplbd\" target=\"_self\" data-iw=\"300\" data-ih=\"300\">Emotron &#8211; VFX-IP54 Serisi<\/a><\/h4><\/div><\/div>\n<div class=\"col-md-3 col-sm-6 col-xs-12 pt-cv-content-item pt-cv-1-col\"  data-pid=\"6216\"><div class='pt-cv-ifield'><a href=\"https:\/\/www.artealpan.com\/index.php\/2022\/02\/09\/cg-emotron-ac-motor-hiz-kontrol-cihazlari-alcak-gerilim-hiz-kontrol-cihazlari-emotron-vfx-2-0-ip20-serisi\/\" class=\"_self pt-cv-href-thumbnail pt-cv-thumb-default cvplbd cvp-responsive-image img-thumbnail\" target=\"_self\" data-iw=\"300\" data-ih=\"300\"><img width=\"300\" height=\"197\" src=\"https:\/\/www.artealpan.com\/wp-content\/uploads\/2022\/02\/Emotron-FDU-AC-drives_19112604-300x197.jpg\" class=\"pt-cv-thumbnail img-thumbnail no-lazyload \" alt=\"Emotron - VFX-IP20 Serisi\" srcset=\"https:\/\/www.artealpan.com\/wp-content\/uploads\/2022\/02\/Emotron-FDU-AC-drives_19112604-300x197.jpg 300w, https:\/\/www.artealpan.com\/wp-content\/uploads\/2022\/02\/Emotron-FDU-AC-drives_19112604.jpg 532w\" sizes=\"(max-width: 300px) 100vw, 300px\" \/><\/a>\n<h4 class=\"pt-cv-title\"><a href=\"https:\/\/www.artealpan.com\/index.php\/2022\/02\/09\/cg-emotron-ac-motor-hiz-kontrol-cihazlari-alcak-gerilim-hiz-kontrol-cihazlari-emotron-vfx-2-0-ip20-serisi\/\" class=\"_self cvplbd\" target=\"_self\" data-iw=\"300\" data-ih=\"300\">Emotron &#8211; VFX-IP20 Serisi<\/a><\/h4><\/div><\/div>\n<div class=\"col-md-3 col-sm-6 col-xs-12 pt-cv-content-item pt-cv-1-col\"  data-pid=\"6218\"><div class='pt-cv-ifield'><a href=\"https:\/\/www.artealpan.com\/index.php\/2022\/02\/09\/cg-emotron-emotron-afe-serisi-rejeneratif-ve-dusuk-harmonikli-hiz-kontrol-cihazi\/\" class=\"_self pt-cv-href-thumbnail pt-cv-thumb-default cvplbd cvp-responsive-image img-thumbnail\" target=\"_self\" data-iw=\"300\" data-ih=\"300\"><img width=\"300\" height=\"277\" src=\"https:\/\/www.artealpan.com\/wp-content\/uploads\/2022\/02\/Hz_Kontrol_Cihaz-300x277.jpg\" class=\"pt-cv-thumbnail img-thumbnail no-lazyload \" alt=\"Emotron - AFE Serisi Rejeneratif ve D\u00fc\u015f\u00fck Harmonikli H\u0131z Kontrol Cihaz\u0131\" srcset=\"https:\/\/www.artealpan.com\/wp-content\/uploads\/2022\/02\/Hz_Kontrol_Cihaz-300x277.jpg 300w, https:\/\/www.artealpan.com\/wp-content\/uploads\/2022\/02\/Hz_Kontrol_Cihaz.jpg 423w\" sizes=\"(max-width: 300px) 100vw, 300px\" \/><\/a>\n<h4 class=\"pt-cv-title\"><a href=\"https:\/\/www.artealpan.com\/index.php\/2022\/02\/09\/cg-emotron-emotron-afe-serisi-rejeneratif-ve-dusuk-harmonikli-hiz-kontrol-cihazi\/\" class=\"_self cvplbd\" target=\"_self\" data-iw=\"300\" data-ih=\"300\">Emotron &#8211; AFE Serisi Rejeneratif ve D\u00fc\u015f\u00fck Harmonikli H\u0131z Kontrol Cihaz\u0131<\/a><\/h4><\/div><\/div>\n<div class=\"col-md-3 col-sm-6 col-xs-12 pt-cv-content-item pt-cv-1-col\"  data-pid=\"6220\"><div class='pt-cv-ifield'><a href=\"https:\/\/www.artealpan.com\/index.php\/2022\/02\/09\/cg-emotron-ac-motor-hiz-kontrol-cihazlari-alcak-gerilim-hiz-kontrol-cihazlari-emotron-vfx-2-0-ip2y-serisi\/\" class=\"_self pt-cv-href-thumbnail pt-cv-thumb-default cvplbd cvp-responsive-image img-thumbnail\" target=\"_self\" data-iw=\"300\" data-ih=\"300\"><img width=\"300\" height=\"260\" src=\"https:\/\/www.artealpan.com\/wp-content\/uploads\/2022\/02\/IP2Y-1-300x260.png\" class=\"pt-cv-thumbnail img-thumbnail no-lazyload \" alt=\"Emotron -  VFX-IP2Y\" srcset=\"https:\/\/www.artealpan.com\/wp-content\/uploads\/2022\/02\/IP2Y-1-300x260.png 300w, https:\/\/www.artealpan.com\/wp-content\/uploads\/2022\/02\/IP2Y-1-768x666.png 768w, https:\/\/www.artealpan.com\/wp-content\/uploads\/2022\/02\/IP2Y-1-600x520.png 600w, https:\/\/www.artealpan.com\/wp-content\/uploads\/2022\/02\/IP2Y-1.png 828w\" sizes=\"(max-width: 300px) 100vw, 300px\" \/><\/a>\n<h4 class=\"pt-cv-title\"><a href=\"https:\/\/www.artealpan.com\/index.php\/2022\/02\/09\/cg-emotron-ac-motor-hiz-kontrol-cihazlari-alcak-gerilim-hiz-kontrol-cihazlari-emotron-vfx-2-0-ip2y-serisi\/\" class=\"_self cvplbd\" target=\"_self\" data-iw=\"300\" data-ih=\"300\">Emotron &#8211;  VFX-IP2Y<\/a><\/h4><\/div><\/div><\/div><\/div><\/div>\t\t\t<style type=\"text\/css\" id=\"pt-cv-inline-style-a62cd251lc\">#pt-cv-view-b66a608bdq .pt-cv-href-thumbnail  { margin-left: auto !important; margin-right: auto !important; display: block !important; text-align: center !important; clear: both !important; }\n#pt-cv-view-b66a608bdq .pt-cv-title a, #pt-cv-view-b66a608bdq  .panel-title { font-weight: 600 !important; display: block !important; text-align: center !important; clear: both !important; }\n#pt-cv-view-b66a608bdq .pt-cv-carousel-caption  { background-color: rgba(51,51,51,.6) !important; }\n#pt-cv-view-b66a608bdq .pt-cv-specialp { background-color: #CC3333 !important }\n#pt-cv-view-b66a608bdq .pt-cv-specialp * { color: #fff !important; }\n#pt-cv-view-b66a608bdq .pt-cv-pficon  { color: #bbb !important; }\n#pt-cv-view-b66a608bdq .pt-cv-readmore  { color: #ffffff !important; background-color: #00aeef !important; }\n#pt-cv-view-b66a608bdq .pt-cv-readmore:hover  { color: #ffffff !important; background-color: #00aeef !important; }\n#pt-cv-view-b66a608bdq  + .pt-cv-pagination-wrapper .pt-cv-more , #pt-cv-view-b66a608bdq  + .pt-cv-pagination-wrapper .pagination .active a { color: #ffffff !important; background-color: #00aeef !important; }\n#pt-cv-view-b66a608bdq .cvp-responsive-image[style*=\"background-image\"] { width: 300px; height: 300px; }<\/style>\r\n\t\t\t\n","protected":false},"excerpt":{"rendered":"","protected":false},"author":1,"featured_media":0,"parent":6578,"menu_order":0,"comment_status":"closed","ping_status":"closed","template":"","meta":[],"_links":{"self":[{"href":"https:\/\/www.artealpan.com\/index.php\/wp-json\/wp\/v2\/pages\/6592"}],"collection":[{"href":"https:\/\/www.artealpan.com\/index.php\/wp-json\/wp\/v2\/pages"}],"about":[{"href":"https:\/\/www.artealpan.com\/index.php\/wp-json\/wp\/v2\/types\/page"}],"author":[{"embeddable":true,"href":"https:\/\/www.artealpan.com\/index.php\/wp-json\/wp\/v2\/users\/1"}],"replies":[{"embeddable":true,"href":"https:\/\/www.artealpan.com\/index.php\/wp-json\/wp\/v2\/comments?post=6592"}],"version-history":[{"count":2,"href":"https:\/\/www.artealpan.com\/index.php\/wp-json\/wp\/v2\/pages\/6592\/revisions"}],"predecessor-version":[{"id":6806,"href":"https:\/\/www.artealpan.com\/index.php\/wp-json\/wp\/v2\/pages\/6592\/revisions\/6806"}],"up":[{"embeddable":true,"href":"https:\/\/www.artealpan.com\/index.php\/wp-json\/wp\/v2\/pages\/6578"}],"wp:attachment":[{"href":"https:\/\/www.artealpan.com\/index.php\/wp-json\/wp\/v2\/media?parent=6592"}],"curies":[{"name":"wp","href":"https:\/\/api.w.org\/{rel}","templated":true}]}}