{"id":6586,"date":"2022-02-10T10:58:08","date_gmt":"2022-02-10T07:58:08","guid":{"rendered":"https:\/\/www.artealpan.com\/?page_id=6586"},"modified":"2022-02-10T13:31:49","modified_gmt":"2022-02-10T10:31:49","slug":"entes","status":"publish","type":"page","link":"https:\/\/www.artealpan.com\/index.php\/urunlerimiz\/entes\/","title":{"rendered":"ENTES"},"content":{"rendered":"<div class=\"pt-cv-wrapper\"><div class=\"pt-cv-view pt-cv-grid pt-cv-colsys\" id=\"pt-cv-view-13fa282yit\"><div data-id=\"pt-cv-page-1\" class=\"pt-cv-page\" data-cvc=\"4\"><div class=\"col-md-3 col-sm-6 col-xs-12 pt-cv-content-item pt-cv-1-col\"  data-pid=\"6369\"><div class='pt-cv-ifield'><a href=\"https:\/\/www.artealpan.com\/index.php\/2022\/02\/09\/mpr-4-serisi-sebeke-analizorleri\/\" class=\"_self pt-cv-href-thumbnail pt-cv-thumb-default cvplbd\" target=\"_self\" ><img width=\"300\" height=\"262\" src=\"https:\/\/www.artealpan.com\/wp-content\/uploads\/2022\/02\/mpr4-1513-300x262.png\" class=\"pt-cv-thumbnail img-thumbnail no-lazyload \" alt=\"MPR-4 Serisi \u015eebeke Analiz\u00f6rleri\" srcset=\"https:\/\/www.artealpan.com\/wp-content\/uploads\/2022\/02\/mpr4-1513-300x262.png 300w, https:\/\/www.artealpan.com\/wp-content\/uploads\/2022\/02\/mpr4-1513.png 550w\" sizes=\"(max-width: 300px) 100vw, 300px\" \/><\/a>\n<h4 class=\"pt-cv-title\"><a href=\"https:\/\/www.artealpan.com\/index.php\/2022\/02\/09\/mpr-4-serisi-sebeke-analizorleri\/\" class=\"_self cvplbd\" target=\"_self\" >MPR-4 Serisi \u015eebeke Analiz\u00f6rleri<\/a><\/h4><\/div><\/div>\n<div class=\"col-md-3 col-sm-6 col-xs-12 pt-cv-content-item pt-cv-1-col\"  data-pid=\"6371\"><div class='pt-cv-ifield'><a href=\"https:\/\/www.artealpan.com\/index.php\/2022\/02\/09\/mpr-3-serisi-sebeke-analizorleri\/\" class=\"_self pt-cv-href-thumbnail pt-cv-thumb-default cvplbd\" target=\"_self\" ><img width=\"300\" height=\"262\" src=\"https:\/\/www.artealpan.com\/wp-content\/uploads\/2022\/02\/mpr3-1511-300x262.png\" class=\"pt-cv-thumbnail img-thumbnail no-lazyload \" alt=\"MPR-3 Serisi \u015eebeke Analiz\u00f6rleri\" srcset=\"https:\/\/www.artealpan.com\/wp-content\/uploads\/2022\/02\/mpr3-1511-300x262.png 300w, https:\/\/www.artealpan.com\/wp-content\/uploads\/2022\/02\/mpr3-1511.png 550w\" sizes=\"(max-width: 300px) 100vw, 300px\" \/><\/a>\n<h4 class=\"pt-cv-title\"><a href=\"https:\/\/www.artealpan.com\/index.php\/2022\/02\/09\/mpr-3-serisi-sebeke-analizorleri\/\" class=\"_self cvplbd\" target=\"_self\" >MPR-3 Serisi \u015eebeke Analiz\u00f6rleri<\/a><\/h4><\/div><\/div>\n<div class=\"col-md-3 col-sm-6 col-xs-12 pt-cv-content-item pt-cv-1-col\"  data-pid=\"6373\"><div class='pt-cv-ifield'><a href=\"https:\/\/www.artealpan.com\/index.php\/2022\/02\/09\/mpr-5-serisi-sebeke-analizorleri\/\" class=\"_self pt-cv-href-thumbnail pt-cv-thumb-default cvplbd\" target=\"_self\" ><img width=\"300\" height=\"262\" src=\"https:\/\/www.artealpan.com\/wp-content\/uploads\/2022\/02\/mpr5-1514-300x262.png\" class=\"pt-cv-thumbnail img-thumbnail no-lazyload \" alt=\"MPR-5 Serisi \u015eebeke Analiz\u00f6rleri\" srcset=\"https:\/\/www.artealpan.com\/wp-content\/uploads\/2022\/02\/mpr5-1514-300x262.png 300w, https:\/\/www.artealpan.com\/wp-content\/uploads\/2022\/02\/mpr5-1514.png 550w\" sizes=\"(max-width: 300px) 100vw, 300px\" \/><\/a>\n<h4 class=\"pt-cv-title\"><a href=\"https:\/\/www.artealpan.com\/index.php\/2022\/02\/09\/mpr-5-serisi-sebeke-analizorleri\/\" class=\"_self cvplbd\" target=\"_self\" >MPR-5 Serisi \u015eebeke Analiz\u00f6rleri<\/a><\/h4><\/div><\/div>\n<div class=\"col-md-3 col-sm-6 col-xs-12 pt-cv-content-item pt-cv-1-col\"  data-pid=\"6332\"><div class='pt-cv-ifield'><a href=\"https:\/\/www.artealpan.com\/index.php\/2022\/02\/09\/entes-dc-ampermetreler\/\" class=\"_self pt-cv-href-thumbnail pt-cv-thumb-default cvplbd\" target=\"_self\" ><img width=\"300\" height=\"277\" src=\"https:\/\/www.artealpan.com\/wp-content\/uploads\/2022\/02\/DC_Ampermetreler-300x277.jpg\" class=\"pt-cv-thumbnail img-thumbnail no-lazyload \" alt=\"DC Ampermetreler\" srcset=\"https:\/\/www.artealpan.com\/wp-content\/uploads\/2022\/02\/DC_Ampermetreler-300x277.jpg 300w, https:\/\/www.artealpan.com\/wp-content\/uploads\/2022\/02\/DC_Ampermetreler.jpg 423w\" sizes=\"(max-width: 300px) 100vw, 300px\" \/><\/a>\n<h4 class=\"pt-cv-title\"><a href=\"https:\/\/www.artealpan.com\/index.php\/2022\/02\/09\/entes-dc-ampermetreler\/\" class=\"_self cvplbd\" target=\"_self\" >DC Ampermetreler<\/a><\/h4><\/div><\/div>\n<div class=\"col-md-3 col-sm-6 col-xs-12 pt-cv-content-item pt-cv-1-col\"  data-pid=\"6318\"><div class='pt-cv-ifield'><a href=\"https:\/\/www.artealpan.com\/index.php\/2022\/02\/09\/entes-voltmetreler\/\" class=\"_self pt-cv-href-thumbnail pt-cv-thumb-default cvplbd\" target=\"_self\" ><img width=\"300\" height=\"277\" src=\"https:\/\/www.artealpan.com\/wp-content\/uploads\/2022\/02\/Voltmetre-300x277.jpg\" class=\"pt-cv-thumbnail img-thumbnail no-lazyload \" alt=\"Voltmetreler\" srcset=\"https:\/\/www.artealpan.com\/wp-content\/uploads\/2022\/02\/Voltmetre-300x277.jpg 300w, https:\/\/www.artealpan.com\/wp-content\/uploads\/2022\/02\/Voltmetre.jpg 423w\" sizes=\"(max-width: 300px) 100vw, 300px\" \/><\/a>\n<h4 class=\"pt-cv-title\"><a href=\"https:\/\/www.artealpan.com\/index.php\/2022\/02\/09\/entes-voltmetreler\/\" class=\"_self cvplbd\" target=\"_self\" >Voltmetreler<\/a><\/h4><\/div><\/div>\n<div class=\"col-md-3 col-sm-6 col-xs-12 pt-cv-content-item pt-cv-1-col\"  data-pid=\"6320\"><div class='pt-cv-ifield'><a href=\"https:\/\/www.artealpan.com\/index.php\/2022\/02\/09\/entes-gerilim-transduserleri\/\" class=\"_self pt-cv-href-thumbnail pt-cv-thumb-default cvplbd\" target=\"_self\" ><img width=\"300\" height=\"277\" src=\"https:\/\/www.artealpan.com\/wp-content\/uploads\/2022\/02\/Gerilim_transduserler-300x277.jpg\" class=\"pt-cv-thumbnail img-thumbnail no-lazyload \" alt=\"Gerilim Transd\u00fcserleri\" srcset=\"https:\/\/www.artealpan.com\/wp-content\/uploads\/2022\/02\/Gerilim_transduserler-300x277.jpg 300w, https:\/\/www.artealpan.com\/wp-content\/uploads\/2022\/02\/Gerilim_transduserler.jpg 423w\" sizes=\"(max-width: 300px) 100vw, 300px\" \/><\/a>\n<h4 class=\"pt-cv-title\"><a href=\"https:\/\/www.artealpan.com\/index.php\/2022\/02\/09\/entes-gerilim-transduserleri\/\" class=\"_self cvplbd\" target=\"_self\" >Gerilim Transd\u00fcserleri<\/a><\/h4><\/div><\/div>\n<div class=\"col-md-3 col-sm-6 col-xs-12 pt-cv-content-item pt-cv-1-col\"  data-pid=\"6322\"><div class='pt-cv-ifield'><a href=\"https:\/\/www.artealpan.com\/index.php\/2022\/02\/09\/entes-akim-transduserleri\/\" class=\"_self pt-cv-href-thumbnail pt-cv-thumb-default cvplbd\" target=\"_self\" ><img width=\"300\" height=\"277\" src=\"https:\/\/www.artealpan.com\/wp-content\/uploads\/2022\/02\/Akim_transduserler-300x277.jpg\" class=\"pt-cv-thumbnail img-thumbnail no-lazyload \" alt=\"Ak\u0131m Transd\u00fcserleri\" srcset=\"https:\/\/www.artealpan.com\/wp-content\/uploads\/2022\/02\/Akim_transduserler-300x277.jpg 300w, https:\/\/www.artealpan.com\/wp-content\/uploads\/2022\/02\/Akim_transduserler.jpg 423w\" sizes=\"(max-width: 300px) 100vw, 300px\" \/><\/a>\n<h4 class=\"pt-cv-title\"><a href=\"https:\/\/www.artealpan.com\/index.php\/2022\/02\/09\/entes-akim-transduserleri\/\" class=\"_self cvplbd\" target=\"_self\" >Ak\u0131m Transd\u00fcserleri<\/a><\/h4><\/div><\/div>\n<div class=\"col-md-3 col-sm-6 col-xs-12 pt-cv-content-item pt-cv-1-col\"  data-pid=\"6324\"><div class='pt-cv-ifield'><a href=\"https:\/\/www.artealpan.com\/index.php\/2022\/02\/09\/entes-frekansmetreler\/\" class=\"_self pt-cv-href-thumbnail pt-cv-thumb-default cvplbd\" target=\"_self\" ><img width=\"300\" height=\"277\" src=\"https:\/\/www.artealpan.com\/wp-content\/uploads\/2022\/02\/Frekansmetreler-300x277.jpg\" class=\"pt-cv-thumbnail img-thumbnail no-lazyload \" alt=\"Frekansmetreler\" srcset=\"https:\/\/www.artealpan.com\/wp-content\/uploads\/2022\/02\/Frekansmetreler-300x277.jpg 300w, https:\/\/www.artealpan.com\/wp-content\/uploads\/2022\/02\/Frekansmetreler.jpg 423w\" sizes=\"(max-width: 300px) 100vw, 300px\" \/><\/a>\n<h4 class=\"pt-cv-title\"><a href=\"https:\/\/www.artealpan.com\/index.php\/2022\/02\/09\/entes-frekansmetreler\/\" class=\"_self cvplbd\" target=\"_self\" >Frekansmetreler<\/a><\/h4><\/div><\/div>\n<div class=\"col-md-3 col-sm-6 col-xs-12 pt-cv-content-item pt-cv-1-col\"  data-pid=\"6326\"><div class='pt-cv-ifield'><a href=\"https:\/\/www.artealpan.com\/index.php\/2022\/02\/09\/entes-reaktif-guc-kontrol-roleleri\/\" class=\"_self pt-cv-href-thumbnail pt-cv-thumb-default cvplbd\" target=\"_self\" ><img width=\"300\" height=\"277\" src=\"https:\/\/www.artealpan.com\/wp-content\/uploads\/2022\/02\/RGA-RGSR-300x277.jpg\" class=\"pt-cv-thumbnail img-thumbnail no-lazyload \" alt=\"Reaktif G\u00fc\u00e7 Kontrol R\u00f6leleri\" srcset=\"https:\/\/www.artealpan.com\/wp-content\/uploads\/2022\/02\/RGA-RGSR-300x277.jpg 300w, https:\/\/www.artealpan.com\/wp-content\/uploads\/2022\/02\/RGA-RGSR.jpg 423w\" sizes=\"(max-width: 300px) 100vw, 300px\" \/><\/a>\n<h4 class=\"pt-cv-title\"><a href=\"https:\/\/www.artealpan.com\/index.php\/2022\/02\/09\/entes-reaktif-guc-kontrol-roleleri\/\" class=\"_self cvplbd\" target=\"_self\" >Reaktif G\u00fc\u00e7 Kontrol R\u00f6leleri<\/a><\/h4><\/div><\/div>\n<div class=\"col-md-3 col-sm-6 col-xs-12 pt-cv-content-item pt-cv-1-col\"  data-pid=\"6328\"><div class='pt-cv-ifield'><a href=\"https:\/\/www.artealpan.com\/index.php\/2022\/02\/09\/entes-kompanzasyon-kontaktorleri\/\" class=\"_self pt-cv-href-thumbnail pt-cv-thumb-default cvplbd\" target=\"_self\" ><img width=\"300\" height=\"277\" src=\"https:\/\/www.artealpan.com\/wp-content\/uploads\/2022\/02\/komp_kontaktorleri-300x277.jpg\" class=\"pt-cv-thumbnail img-thumbnail no-lazyload \" alt=\"Kompanzasyon Kontakt\u00f6rleri\" srcset=\"https:\/\/www.artealpan.com\/wp-content\/uploads\/2022\/02\/komp_kontaktorleri-300x277.jpg 300w, https:\/\/www.artealpan.com\/wp-content\/uploads\/2022\/02\/komp_kontaktorleri.jpg 423w\" sizes=\"(max-width: 300px) 100vw, 300px\" \/><\/a>\n<h4 class=\"pt-cv-title\"><a href=\"https:\/\/www.artealpan.com\/index.php\/2022\/02\/09\/entes-kompanzasyon-kontaktorleri\/\" class=\"_self cvplbd\" target=\"_self\" >Kompanzasyon Kontakt\u00f6rleri<\/a><\/h4><\/div><\/div>\n<div class=\"col-md-3 col-sm-6 col-xs-12 pt-cv-content-item pt-cv-1-col\"  data-pid=\"6312\"><div class='pt-cv-ifield'><a href=\"https:\/\/www.artealpan.com\/index.php\/2022\/02\/09\/entes-statik-kontaktorler\/\" class=\"_self pt-cv-href-thumbnail pt-cv-thumb-default cvplbd\" target=\"_self\" ><img width=\"300\" height=\"277\" src=\"https:\/\/www.artealpan.com\/wp-content\/uploads\/2022\/02\/statik_kontaktorler-300x277.jpg\" class=\"pt-cv-thumbnail img-thumbnail no-lazyload \" alt=\"Statik Kontakt\u00f6rler\" srcset=\"https:\/\/www.artealpan.com\/wp-content\/uploads\/2022\/02\/statik_kontaktorler-300x277.jpg 300w, https:\/\/www.artealpan.com\/wp-content\/uploads\/2022\/02\/statik_kontaktorler.jpg 423w\" sizes=\"(max-width: 300px) 100vw, 300px\" \/><\/a>\n<h4 class=\"pt-cv-title\"><a href=\"https:\/\/www.artealpan.com\/index.php\/2022\/02\/09\/entes-statik-kontaktorler\/\" class=\"_self cvplbd\" target=\"_self\" >Statik Kontakt\u00f6rler<\/a><\/h4><\/div><\/div>\n<div class=\"col-md-3 col-sm-6 col-xs-12 pt-cv-content-item pt-cv-1-col\"  data-pid=\"6314\"><div class='pt-cv-ifield'><a href=\"https:\/\/www.artealpan.com\/index.php\/2022\/02\/09\/entes-desarj-unitesi\/\" class=\"_self pt-cv-href-thumbnail pt-cv-thumb-default cvplbd\" target=\"_self\" ><img width=\"300\" height=\"277\" src=\"https:\/\/www.artealpan.com\/wp-content\/uploads\/2022\/02\/Desarj_Unitesi-300x277.jpg\" class=\"pt-cv-thumbnail img-thumbnail no-lazyload \" alt=\"De\u015farj \u00dcnitesi\" srcset=\"https:\/\/www.artealpan.com\/wp-content\/uploads\/2022\/02\/Desarj_Unitesi-300x277.jpg 300w, https:\/\/www.artealpan.com\/wp-content\/uploads\/2022\/02\/Desarj_Unitesi.jpg 423w\" sizes=\"(max-width: 300px) 100vw, 300px\" \/><\/a>\n<h4 class=\"pt-cv-title\"><a href=\"https:\/\/www.artealpan.com\/index.php\/2022\/02\/09\/entes-desarj-unitesi\/\" class=\"_self cvplbd\" target=\"_self\" >De\u015farj \u00dcnitesi<\/a><\/h4><\/div><\/div>\n<div class=\"col-md-3 col-sm-6 col-xs-12 pt-cv-content-item pt-cv-1-col\"  data-pid=\"6316\"><div class='pt-cv-ifield'><a href=\"https:\/\/www.artealpan.com\/index.php\/2022\/02\/09\/entes-ampermetreler\/\" class=\"_self pt-cv-href-thumbnail pt-cv-thumb-default cvplbd\" target=\"_self\" ><img width=\"300\" height=\"277\" src=\"https:\/\/www.artealpan.com\/wp-content\/uploads\/2022\/02\/Ampermetre-300x277.jpg\" class=\"pt-cv-thumbnail img-thumbnail no-lazyload \" alt=\"Ampermetreler\" srcset=\"https:\/\/www.artealpan.com\/wp-content\/uploads\/2022\/02\/Ampermetre-300x277.jpg 300w, https:\/\/www.artealpan.com\/wp-content\/uploads\/2022\/02\/Ampermetre.jpg 423w\" sizes=\"(max-width: 300px) 100vw, 300px\" \/><\/a>\n<h4 class=\"pt-cv-title\"><a href=\"https:\/\/www.artealpan.com\/index.php\/2022\/02\/09\/entes-ampermetreler\/\" class=\"_self cvplbd\" target=\"_self\" >Ampermetreler<\/a><\/h4><\/div><\/div>\n<div class=\"col-md-3 col-sm-6 col-xs-12 pt-cv-content-item pt-cv-1-col\"  data-pid=\"6296\"><div class='pt-cv-ifield'><a href=\"https:\/\/www.artealpan.com\/index.php\/2022\/02\/09\/entes-akim-koruma-roleleri\/\" class=\"_self pt-cv-href-thumbnail pt-cv-thumb-default cvplbd\" target=\"_self\" ><img width=\"300\" height=\"277\" src=\"https:\/\/www.artealpan.com\/wp-content\/uploads\/2022\/02\/akim_koruma-300x277.jpg\" class=\"pt-cv-thumbnail img-thumbnail no-lazyload \" alt=\"Ak\u0131m Koruma R\u00f6leleri\" srcset=\"https:\/\/www.artealpan.com\/wp-content\/uploads\/2022\/02\/akim_koruma-300x277.jpg 300w, https:\/\/www.artealpan.com\/wp-content\/uploads\/2022\/02\/akim_koruma.jpg 423w\" sizes=\"(max-width: 300px) 100vw, 300px\" \/><\/a>\n<h4 class=\"pt-cv-title\"><a href=\"https:\/\/www.artealpan.com\/index.php\/2022\/02\/09\/entes-akim-koruma-roleleri\/\" class=\"_self cvplbd\" target=\"_self\" >Ak\u0131m Koruma R\u00f6leleri<\/a><\/h4><\/div><\/div>\n<div class=\"col-md-3 col-sm-6 col-xs-12 pt-cv-content-item pt-cv-1-col\"  data-pid=\"6298\"><div class='pt-cv-ifield'><a href=\"https:\/\/www.artealpan.com\/index.php\/2022\/02\/09\/entes-cok-fonksiyonlu-zaman-roleleri\/\" class=\"_self pt-cv-href-thumbnail pt-cv-thumb-default cvplbd\" target=\"_self\" ><img width=\"300\" height=\"277\" src=\"https:\/\/www.artealpan.com\/wp-content\/uploads\/2022\/02\/akim_koruma_cok_fonskiyonlu-300x277.jpg\" class=\"pt-cv-thumbnail img-thumbnail no-lazyload \" alt=\"\u00c7ok Fonksiyonlu Zaman R\u00f6leleri\" srcset=\"https:\/\/www.artealpan.com\/wp-content\/uploads\/2022\/02\/akim_koruma_cok_fonskiyonlu-300x277.jpg 300w, https:\/\/www.artealpan.com\/wp-content\/uploads\/2022\/02\/akim_koruma_cok_fonskiyonlu.jpg 423w\" sizes=\"(max-width: 300px) 100vw, 300px\" \/><\/a>\n<h4 class=\"pt-cv-title\"><a href=\"https:\/\/www.artealpan.com\/index.php\/2022\/02\/09\/entes-cok-fonksiyonlu-zaman-roleleri\/\" class=\"_self cvplbd\" target=\"_self\" >\u00c7ok Fonksiyonlu Zaman R\u00f6leleri<\/a><\/h4><\/div><\/div>\n<div class=\"col-md-3 col-sm-6 col-xs-12 pt-cv-content-item pt-cv-1-col\"  data-pid=\"6300\"><div class='pt-cv-ifield'><a href=\"https:\/\/www.artealpan.com\/index.php\/2022\/02\/09\/entes-asiri-akim-sekonder-koruma-roleleri\/\" class=\"_self pt-cv-href-thumbnail pt-cv-thumb-default cvplbd\" target=\"_self\" ><img width=\"300\" height=\"277\" src=\"https:\/\/www.artealpan.com\/wp-content\/uploads\/2022\/02\/asiri_akim_sekonder-300x277.jpg\" class=\"pt-cv-thumbnail img-thumbnail no-lazyload \" alt=\"A\u015f\u0131r\u0131 Ak\u0131m Sekonder Koruma R\u00f6leleri\" srcset=\"https:\/\/www.artealpan.com\/wp-content\/uploads\/2022\/02\/asiri_akim_sekonder-300x277.jpg 300w, https:\/\/www.artealpan.com\/wp-content\/uploads\/2022\/02\/asiri_akim_sekonder.jpg 423w\" sizes=\"(max-width: 300px) 100vw, 300px\" \/><\/a>\n<h4 class=\"pt-cv-title\"><a href=\"https:\/\/www.artealpan.com\/index.php\/2022\/02\/09\/entes-asiri-akim-sekonder-koruma-roleleri\/\" class=\"_self cvplbd\" target=\"_self\" >A\u015f\u0131r\u0131 Ak\u0131m Sekonder Koruma R\u00f6leleri<\/a><\/h4><\/div><\/div>\n<div class=\"col-md-3 col-sm-6 col-xs-12 pt-cv-content-item pt-cv-1-col\"  data-pid=\"6302\"><div class='pt-cv-ifield'><a href=\"https:\/\/www.artealpan.com\/index.php\/2022\/02\/09\/entes-astronomik-zaman-roleleri\/\" class=\"_self pt-cv-href-thumbnail pt-cv-thumb-default cvplbd\" target=\"_self\" ><img width=\"300\" height=\"277\" src=\"https:\/\/www.artealpan.com\/wp-content\/uploads\/2022\/02\/dtr-20s-300x277.jpg\" class=\"pt-cv-thumbnail img-thumbnail no-lazyload \" alt=\"Astronomik Zaman R\u00f6leleri\" srcset=\"https:\/\/www.artealpan.com\/wp-content\/uploads\/2022\/02\/dtr-20s-300x277.jpg 300w, https:\/\/www.artealpan.com\/wp-content\/uploads\/2022\/02\/dtr-20s.jpg 423w\" sizes=\"(max-width: 300px) 100vw, 300px\" \/><\/a>\n<h4 class=\"pt-cv-title\"><a href=\"https:\/\/www.artealpan.com\/index.php\/2022\/02\/09\/entes-astronomik-zaman-roleleri\/\" class=\"_self cvplbd\" target=\"_self\" >Astronomik Zaman R\u00f6leleri<\/a><\/h4><\/div><\/div>\n<div class=\"col-md-3 col-sm-6 col-xs-12 pt-cv-content-item pt-cv-1-col\"  data-pid=\"6304\"><div class='pt-cv-ifield'><a href=\"https:\/\/www.artealpan.com\/index.php\/2022\/02\/09\/entes-fotosel-roleleri\/\" class=\"_self pt-cv-href-thumbnail pt-cv-thumb-default cvplbd\" target=\"_self\" ><img width=\"300\" height=\"277\" src=\"https:\/\/www.artealpan.com\/wp-content\/uploads\/2022\/02\/astronomik_roleler-300x277.jpg\" class=\"pt-cv-thumbnail img-thumbnail no-lazyload \" alt=\"Fotosel R\u00f6leleri\" srcset=\"https:\/\/www.artealpan.com\/wp-content\/uploads\/2022\/02\/astronomik_roleler-300x277.jpg 300w, https:\/\/www.artealpan.com\/wp-content\/uploads\/2022\/02\/astronomik_roleler.jpg 423w\" sizes=\"(max-width: 300px) 100vw, 300px\" \/><\/a>\n<h4 class=\"pt-cv-title\"><a href=\"https:\/\/www.artealpan.com\/index.php\/2022\/02\/09\/entes-fotosel-roleleri\/\" class=\"_self cvplbd\" target=\"_self\" >Fotosel R\u00f6leleri<\/a><\/h4><\/div><\/div>\n<div class=\"col-md-3 col-sm-6 col-xs-12 pt-cv-content-item pt-cv-1-col\"  data-pid=\"6306\"><div class='pt-cv-ifield'><a href=\"https:\/\/www.artealpan.com\/index.php\/2022\/02\/09\/entes-guc-kaynaklari\/\" class=\"_self pt-cv-href-thumbnail pt-cv-thumb-default cvplbd\" target=\"_self\" ><img width=\"300\" height=\"277\" src=\"https:\/\/www.artealpan.com\/wp-content\/uploads\/2022\/02\/Guc_Kaynaklari-300x277.jpg\" class=\"pt-cv-thumbnail img-thumbnail no-lazyload \" alt=\"G\u00fc\u00e7 Kaynaklar\u0131\" srcset=\"https:\/\/www.artealpan.com\/wp-content\/uploads\/2022\/02\/Guc_Kaynaklari-300x277.jpg 300w, https:\/\/www.artealpan.com\/wp-content\/uploads\/2022\/02\/Guc_Kaynaklari.jpg 423w\" sizes=\"(max-width: 300px) 100vw, 300px\" \/><\/a>\n<h4 class=\"pt-cv-title\"><a href=\"https:\/\/www.artealpan.com\/index.php\/2022\/02\/09\/entes-guc-kaynaklari\/\" class=\"_self cvplbd\" target=\"_self\" >G\u00fc\u00e7 Kaynaklar\u0131<\/a><\/h4><\/div><\/div>\n<div class=\"col-md-3 col-sm-6 col-xs-12 pt-cv-content-item pt-cv-1-col\"  data-pid=\"6308\"><div class='pt-cv-ifield'><a href=\"https:\/\/www.artealpan.com\/index.php\/2022\/02\/09\/entes-kumanda-trafolari\/\" class=\"_self pt-cv-href-thumbnail pt-cv-thumb-default cvplbd\" target=\"_self\" ><img width=\"300\" height=\"277\" src=\"https:\/\/www.artealpan.com\/wp-content\/uploads\/2022\/02\/kumanda_trafolari-300x277.jpg\" class=\"pt-cv-thumbnail img-thumbnail no-lazyload \" alt=\"Kumanda Trafolar\u0131\" srcset=\"https:\/\/www.artealpan.com\/wp-content\/uploads\/2022\/02\/kumanda_trafolari-300x277.jpg 300w, https:\/\/www.artealpan.com\/wp-content\/uploads\/2022\/02\/kumanda_trafolari.jpg 423w\" sizes=\"(max-width: 300px) 100vw, 300px\" \/><\/a>\n<h4 class=\"pt-cv-title\"><a href=\"https:\/\/www.artealpan.com\/index.php\/2022\/02\/09\/entes-kumanda-trafolari\/\" class=\"_self cvplbd\" target=\"_self\" >Kumanda Trafolar\u0131<\/a><\/h4><\/div><\/div>\n<div class=\"col-md-3 col-sm-6 col-xs-12 pt-cv-content-item pt-cv-1-col\"  data-pid=\"6310\"><div class='pt-cv-ifield'><a href=\"https:\/\/www.artealpan.com\/index.php\/2022\/02\/09\/entes-motor-faz-koruma-roleleri\/\" class=\"_self pt-cv-href-thumbnail pt-cv-thumb-default cvplbd\" target=\"_self\" ><img width=\"300\" height=\"277\" src=\"https:\/\/www.artealpan.com\/wp-content\/uploads\/2022\/02\/motor_faz_koruma-300x277.jpg\" class=\"pt-cv-thumbnail img-thumbnail no-lazyload \" alt=\"Motor (Faz) Koruma R\u00f6leleri\" srcset=\"https:\/\/www.artealpan.com\/wp-content\/uploads\/2022\/02\/motor_faz_koruma-300x277.jpg 300w, https:\/\/www.artealpan.com\/wp-content\/uploads\/2022\/02\/motor_faz_koruma.jpg 423w\" sizes=\"(max-width: 300px) 100vw, 300px\" \/><\/a>\n<h4 class=\"pt-cv-title\"><a href=\"https:\/\/www.artealpan.com\/index.php\/2022\/02\/09\/entes-motor-faz-koruma-roleleri\/\" class=\"_self cvplbd\" target=\"_self\" >Motor (Faz) Koruma R\u00f6leleri<\/a><\/h4><\/div><\/div><\/div><\/div><\/div>\t\t\t<style type=\"text\/css\" id=\"pt-cv-inline-style-26a7790r52\">#pt-cv-view-13fa282yit .pt-cv-href-thumbnail  { margin-left: auto !important; margin-right: auto !important; display: block !important; text-align: center !important; clear: both !important; }\n#pt-cv-view-13fa282yit .pt-cv-title a, #pt-cv-view-13fa282yit  .panel-title { font-weight: 600 !important; display: block !important; text-align: center !important; clear: both !important; }\n#pt-cv-view-13fa282yit .pt-cv-carousel-caption  { background-color: rgba(51,51,51,.6) !important; }\n#pt-cv-view-13fa282yit .pt-cv-specialp { background-color: #CC3333 !important }\n#pt-cv-view-13fa282yit .pt-cv-specialp * { color: #fff !important; }\n#pt-cv-view-13fa282yit .pt-cv-pficon  { color: #bbb !important; }\n#pt-cv-view-13fa282yit .pt-cv-readmore  { color: #ffffff !important; background-color: #00aeef !important; }\n#pt-cv-view-13fa282yit .pt-cv-readmore:hover  { color: #ffffff !important; background-color: #00aeef !important; }\n#pt-cv-view-13fa282yit  + .pt-cv-pagination-wrapper .pt-cv-more , #pt-cv-view-13fa282yit  + .pt-cv-pagination-wrapper .pagination .active a { color: #ffffff !important; background-color: #00aeef !important; }<\/style>\r\n\t\t\t\n","protected":false},"excerpt":{"rendered":"","protected":false},"author":1,"featured_media":0,"parent":6578,"menu_order":0,"comment_status":"closed","ping_status":"closed","template":"","meta":[],"_links":{"self":[{"href":"https:\/\/www.artealpan.com\/index.php\/wp-json\/wp\/v2\/pages\/6586"}],"collection":[{"href":"https:\/\/www.artealpan.com\/index.php\/wp-json\/wp\/v2\/pages"}],"about":[{"href":"https:\/\/www.artealpan.com\/index.php\/wp-json\/wp\/v2\/types\/page"}],"author":[{"embeddable":true,"href":"https:\/\/www.artealpan.com\/index.php\/wp-json\/wp\/v2\/users\/1"}],"replies":[{"embeddable":true,"href":"https:\/\/www.artealpan.com\/index.php\/wp-json\/wp\/v2\/comments?post=6586"}],"version-history":[{"count":2,"href":"https:\/\/www.artealpan.com\/index.php\/wp-json\/wp\/v2\/pages\/6586\/revisions"}],"predecessor-version":[{"id":6762,"href":"https:\/\/www.artealpan.com\/index.php\/wp-json\/wp\/v2\/pages\/6586\/revisions\/6762"}],"up":[{"embeddable":true,"href":"https:\/\/www.artealpan.com\/index.php\/wp-json\/wp\/v2\/pages\/6578"}],"wp:attachment":[{"href":"https:\/\/www.artealpan.com\/index.php\/wp-json\/wp\/v2\/media?parent=6586"}],"curies":[{"name":"wp","href":"https:\/\/api.w.org\/{rel}","templated":true}]}}