{"id":6584,"date":"2022-02-10T10:57:35","date_gmt":"2022-02-10T07:57:35","guid":{"rendered":"https:\/\/www.artealpan.com\/?page_id=6584"},"modified":"2022-02-10T13:16:45","modified_gmt":"2022-02-10T10:16:45","slug":"sigma","status":"publish","type":"page","link":"https:\/\/www.artealpan.com\/index.php\/urunlerimiz\/sigma\/","title":{"rendered":"S\u0130GMA"},"content":{"rendered":"<div class=\"pt-cv-wrapper\"><div class=\"pt-cv-view pt-cv-grid pt-cv-colsys\" id=\"pt-cv-view-9a867091c9\"><div data-id=\"pt-cv-page-1\" class=\"pt-cv-page\" data-cvc=\"4\"><div class=\"col-md-3 col-sm-6 col-xs-12 pt-cv-content-item pt-cv-1-col\"  data-pid=\"6353\"><div class='pt-cv-ifield'><a href=\"https:\/\/www.artealpan.com\/index.php\/2022\/02\/09\/paket-salterler\/\" class=\"_self pt-cv-href-thumbnail pt-cv-thumb-default cvplbd\" target=\"_self\" ><img width=\"300\" height=\"300\" src=\"https:\/\/www.artealpan.com\/wp-content\/uploads\/2022\/02\/Paket-Salterler-300x300.png\" class=\"pt-cv-thumbnail img-thumbnail no-lazyload \" alt=\"Paket \u015ealterler\" srcset=\"https:\/\/www.artealpan.com\/wp-content\/uploads\/2022\/02\/Paket-Salterler-300x300.png 300w, https:\/\/www.artealpan.com\/wp-content\/uploads\/2022\/02\/Paket-Salterler-150x150.png 150w, https:\/\/www.artealpan.com\/wp-content\/uploads\/2022\/02\/Paket-Salterler.png 500w\" sizes=\"(max-width: 300px) 100vw, 300px\" \/><\/a>\n<h4 class=\"pt-cv-title\"><a href=\"https:\/\/www.artealpan.com\/index.php\/2022\/02\/09\/paket-salterler\/\" class=\"_self cvplbd\" target=\"_self\" >Paket \u015ealterler<\/a><\/h4><\/div><\/div>\n<div class=\"col-md-3 col-sm-6 col-xs-12 pt-cv-content-item pt-cv-1-col\"  data-pid=\"6339\"><div class='pt-cv-ifield'><a href=\"https:\/\/www.artealpan.com\/index.php\/2022\/02\/09\/otomatik-sigortalar\/\" class=\"_self pt-cv-href-thumbnail pt-cv-thumb-default cvplbd\" target=\"_self\" ><img width=\"300\" height=\"300\" src=\"https:\/\/www.artealpan.com\/wp-content\/uploads\/2022\/02\/Otomatik-Sigortalar-300x300.png\" class=\"pt-cv-thumbnail img-thumbnail no-lazyload \" alt=\"Otomatik Sigortalar\" srcset=\"https:\/\/www.artealpan.com\/wp-content\/uploads\/2022\/02\/Otomatik-Sigortalar-300x300.png 300w, https:\/\/www.artealpan.com\/wp-content\/uploads\/2022\/02\/Otomatik-Sigortalar-150x150.png 150w, https:\/\/www.artealpan.com\/wp-content\/uploads\/2022\/02\/Otomatik-Sigortalar.png 500w\" sizes=\"(max-width: 300px) 100vw, 300px\" \/><\/a>\n<h4 class=\"pt-cv-title\"><a href=\"https:\/\/www.artealpan.com\/index.php\/2022\/02\/09\/otomatik-sigortalar\/\" class=\"_self cvplbd\" target=\"_self\" >Otomatik Sigortalar<\/a><\/h4><\/div><\/div>\n<div class=\"col-md-3 col-sm-6 col-xs-12 pt-cv-content-item pt-cv-1-col\"  data-pid=\"6341\"><div class='pt-cv-ifield'><a href=\"https:\/\/www.artealpan.com\/index.php\/2022\/02\/09\/a-g-parafudrlar\/\" class=\"_self pt-cv-href-thumbnail pt-cv-thumb-default cvplbd\" target=\"_self\" ><img width=\"300\" height=\"300\" src=\"https:\/\/www.artealpan.com\/wp-content\/uploads\/2022\/02\/Alcak-Gerilim-Parafudrlar-1-300x300.png\" class=\"pt-cv-thumbnail img-thumbnail no-lazyload \" alt=\"A.G Parafudrlar\" srcset=\"https:\/\/www.artealpan.com\/wp-content\/uploads\/2022\/02\/Alcak-Gerilim-Parafudrlar-1-300x300.png 300w, https:\/\/www.artealpan.com\/wp-content\/uploads\/2022\/02\/Alcak-Gerilim-Parafudrlar-1-150x150.png 150w, https:\/\/www.artealpan.com\/wp-content\/uploads\/2022\/02\/Alcak-Gerilim-Parafudrlar-1.png 500w\" sizes=\"(max-width: 300px) 100vw, 300px\" \/><\/a>\n<h4 class=\"pt-cv-title\"><a href=\"https:\/\/www.artealpan.com\/index.php\/2022\/02\/09\/a-g-parafudrlar\/\" class=\"_self cvplbd\" target=\"_self\" >A.G Parafudrlar<\/a><\/h4><\/div><\/div>\n<div class=\"col-md-3 col-sm-6 col-xs-12 pt-cv-content-item pt-cv-1-col\"  data-pid=\"6343\"><div class='pt-cv-ifield'><a href=\"https:\/\/www.artealpan.com\/index.php\/2022\/02\/09\/ag-guc-kontaktorleri\/\" class=\"_self pt-cv-href-thumbnail pt-cv-thumb-default cvplbd\" target=\"_self\" ><img width=\"300\" height=\"300\" src=\"https:\/\/www.artealpan.com\/wp-content\/uploads\/2022\/02\/AG-Guc-Kontaktorleri-1-300x300.png\" class=\"pt-cv-thumbnail img-thumbnail no-lazyload \" alt=\"AG G\u00fc\u00e7 Kontakt\u00f6rleri\" srcset=\"https:\/\/www.artealpan.com\/wp-content\/uploads\/2022\/02\/AG-Guc-Kontaktorleri-1-300x300.png 300w, https:\/\/www.artealpan.com\/wp-content\/uploads\/2022\/02\/AG-Guc-Kontaktorleri-1-150x150.png 150w, https:\/\/www.artealpan.com\/wp-content\/uploads\/2022\/02\/AG-Guc-Kontaktorleri-1.png 500w\" sizes=\"(max-width: 300px) 100vw, 300px\" \/><\/a>\n<h4 class=\"pt-cv-title\"><a href=\"https:\/\/www.artealpan.com\/index.php\/2022\/02\/09\/ag-guc-kontaktorleri\/\" class=\"_self cvplbd\" target=\"_self\" >AG G\u00fc\u00e7 Kontakt\u00f6rleri<\/a><\/h4><\/div><\/div>\n<div class=\"col-md-3 col-sm-6 col-xs-12 pt-cv-content-item pt-cv-1-col\"  data-pid=\"6345\"><div class='pt-cv-ifield'><a href=\"https:\/\/www.artealpan.com\/index.php\/2022\/02\/09\/a-g-akim-transformatorleri\/\" class=\"_self pt-cv-href-thumbnail pt-cv-thumb-default cvplbd\" target=\"_self\" ><img width=\"300\" height=\"300\" src=\"https:\/\/www.artealpan.com\/wp-content\/uploads\/2022\/02\/AG-Akim-Transformatorleri-300x300.png\" class=\"pt-cv-thumbnail img-thumbnail no-lazyload \" alt=\"A.G Ak\u0131m Transformat\u00f6rleri\" srcset=\"https:\/\/www.artealpan.com\/wp-content\/uploads\/2022\/02\/AG-Akim-Transformatorleri-300x300.png 300w, https:\/\/www.artealpan.com\/wp-content\/uploads\/2022\/02\/AG-Akim-Transformatorleri-150x150.png 150w, https:\/\/www.artealpan.com\/wp-content\/uploads\/2022\/02\/AG-Akim-Transformatorleri.png 500w\" sizes=\"(max-width: 300px) 100vw, 300px\" \/><\/a>\n<h4 class=\"pt-cv-title\"><a href=\"https:\/\/www.artealpan.com\/index.php\/2022\/02\/09\/a-g-akim-transformatorleri\/\" class=\"_self cvplbd\" target=\"_self\" >A.G Ak\u0131m Transformat\u00f6rleri<\/a><\/h4><\/div><\/div>\n<div class=\"col-md-3 col-sm-6 col-xs-12 pt-cv-content-item pt-cv-1-col\"  data-pid=\"6347\"><div class='pt-cv-ifield'><a href=\"https:\/\/www.artealpan.com\/index.php\/2022\/02\/09\/kacak-akim-koruma-salterleri\/\" class=\"_self pt-cv-href-thumbnail pt-cv-thumb-default cvplbd\" target=\"_self\" ><img width=\"300\" height=\"300\" src=\"https:\/\/www.artealpan.com\/wp-content\/uploads\/2022\/02\/Kacak-Akim-Koruma-Salterleri-300x300.png\" class=\"pt-cv-thumbnail img-thumbnail no-lazyload \" alt=\"Ka\u00e7ak Ak\u0131m Koruma \u015ealterleri\" srcset=\"https:\/\/www.artealpan.com\/wp-content\/uploads\/2022\/02\/Kacak-Akim-Koruma-Salterleri-300x300.png 300w, https:\/\/www.artealpan.com\/wp-content\/uploads\/2022\/02\/Kacak-Akim-Koruma-Salterleri-150x150.png 150w, https:\/\/www.artealpan.com\/wp-content\/uploads\/2022\/02\/Kacak-Akim-Koruma-Salterleri.png 500w\" sizes=\"(max-width: 300px) 100vw, 300px\" \/><\/a>\n<h4 class=\"pt-cv-title\"><a href=\"https:\/\/www.artealpan.com\/index.php\/2022\/02\/09\/kacak-akim-koruma-salterleri\/\" class=\"_self cvplbd\" target=\"_self\" >Ka\u00e7ak Ak\u0131m Koruma \u015ealterleri<\/a><\/h4><\/div><\/div>\n<div class=\"col-md-3 col-sm-6 col-xs-12 pt-cv-content-item pt-cv-1-col\"  data-pid=\"6349\"><div class='pt-cv-ifield'><a href=\"https:\/\/www.artealpan.com\/index.php\/2022\/02\/09\/motor-koruma-salterleri\/\" class=\"_self pt-cv-href-thumbnail pt-cv-thumb-default cvplbd\" target=\"_self\" ><img width=\"300\" height=\"300\" src=\"https:\/\/www.artealpan.com\/wp-content\/uploads\/2022\/02\/Motor-Koruma-Salterleri-300x300.png\" class=\"pt-cv-thumbnail img-thumbnail no-lazyload \" alt=\"Motor Koruma \u015ealterleri\" srcset=\"https:\/\/www.artealpan.com\/wp-content\/uploads\/2022\/02\/Motor-Koruma-Salterleri-300x300.png 300w, https:\/\/www.artealpan.com\/wp-content\/uploads\/2022\/02\/Motor-Koruma-Salterleri-150x150.png 150w, https:\/\/www.artealpan.com\/wp-content\/uploads\/2022\/02\/Motor-Koruma-Salterleri.png 500w\" sizes=\"(max-width: 300px) 100vw, 300px\" \/><\/a>\n<h4 class=\"pt-cv-title\"><a href=\"https:\/\/www.artealpan.com\/index.php\/2022\/02\/09\/motor-koruma-salterleri\/\" class=\"_self cvplbd\" target=\"_self\" >Motor Koruma \u015ealterleri<\/a><\/h4><\/div><\/div>\n<div class=\"col-md-3 col-sm-6 col-xs-12 pt-cv-content-item pt-cv-1-col\"  data-pid=\"6351\"><div class='pt-cv-ifield'><a href=\"https:\/\/www.artealpan.com\/index.php\/2022\/02\/09\/acik-tip-guc-salterleri\/\" class=\"_self pt-cv-href-thumbnail pt-cv-thumb-default cvplbd\" target=\"_self\" ><img width=\"300\" height=\"300\" src=\"https:\/\/www.artealpan.com\/wp-content\/uploads\/2022\/02\/Acik-Tip-Guc-Salterleri-1-300x300.png\" class=\"pt-cv-thumbnail img-thumbnail no-lazyload \" alt=\"A\u00e7\u0131k Tip G\u00fc\u00e7 \u015ealterleri\" srcset=\"https:\/\/www.artealpan.com\/wp-content\/uploads\/2022\/02\/Acik-Tip-Guc-Salterleri-1-300x300.png 300w, https:\/\/www.artealpan.com\/wp-content\/uploads\/2022\/02\/Acik-Tip-Guc-Salterleri-1-150x150.png 150w, https:\/\/www.artealpan.com\/wp-content\/uploads\/2022\/02\/Acik-Tip-Guc-Salterleri-1.png 500w\" sizes=\"(max-width: 300px) 100vw, 300px\" \/><\/a>\n<h4 class=\"pt-cv-title\"><a href=\"https:\/\/www.artealpan.com\/index.php\/2022\/02\/09\/acik-tip-guc-salterleri\/\" class=\"_self cvplbd\" target=\"_self\" >A\u00e7\u0131k Tip G\u00fc\u00e7 \u015ealterleri<\/a><\/h4><\/div><\/div>\n<div class=\"col-md-3 col-sm-6 col-xs-12 pt-cv-content-item pt-cv-1-col\"  data-pid=\"6283\"><div class='pt-cv-ifield'><a href=\"https:\/\/www.artealpan.com\/index.php\/2022\/02\/09\/sigma-dijital-olcu-aletleri\/\" class=\"_self pt-cv-href-thumbnail pt-cv-thumb-default cvplbd\" target=\"_self\" ><img width=\"300\" height=\"281\" src=\"https:\/\/www.artealpan.com\/wp-content\/uploads\/2022\/02\/Dijital_olcu_aleti-1-300x281.jpg\" class=\"pt-cv-thumbnail img-thumbnail no-lazyload \" alt=\"Dijital \u00d6l\u00e7\u00fc Aletleri\" srcset=\"https:\/\/www.artealpan.com\/wp-content\/uploads\/2022\/02\/Dijital_olcu_aleti-1-300x281.jpg 300w, https:\/\/www.artealpan.com\/wp-content\/uploads\/2022\/02\/Dijital_olcu_aleti-1.jpg 419w\" sizes=\"(max-width: 300px) 100vw, 300px\" \/><\/a>\n<h4 class=\"pt-cv-title\"><a href=\"https:\/\/www.artealpan.com\/index.php\/2022\/02\/09\/sigma-dijital-olcu-aletleri\/\" class=\"_self cvplbd\" target=\"_self\" >Dijital \u00d6l\u00e7\u00fc Aletleri<\/a><\/h4><\/div><\/div>\n<div class=\"col-md-3 col-sm-6 col-xs-12 pt-cv-content-item pt-cv-1-col\"  data-pid=\"6271\"><div class='pt-cv-ifield'><a href=\"https:\/\/www.artealpan.com\/index.php\/2022\/02\/09\/sigma-sigortali-otomatik-transfer-salteri\/\" class=\"_self pt-cv-href-thumbnail pt-cv-thumb-default cvplbd\" target=\"_self\" ><img width=\"300\" height=\"281\" src=\"https:\/\/www.artealpan.com\/wp-content\/uploads\/2022\/02\/Sigortali-Otomatik-Transfer-Salteri-300x281.jpg\" class=\"pt-cv-thumbnail img-thumbnail no-lazyload \" alt=\"Sigortal\u0131 Otomatik Transfer \u015ealteri\" srcset=\"https:\/\/www.artealpan.com\/wp-content\/uploads\/2022\/02\/Sigortali-Otomatik-Transfer-Salteri-300x281.jpg 300w, https:\/\/www.artealpan.com\/wp-content\/uploads\/2022\/02\/Sigortali-Otomatik-Transfer-Salteri.jpg 419w\" sizes=\"(max-width: 300px) 100vw, 300px\" \/><\/a>\n<h4 class=\"pt-cv-title\"><a href=\"https:\/\/www.artealpan.com\/index.php\/2022\/02\/09\/sigma-sigortali-otomatik-transfer-salteri\/\" class=\"_self cvplbd\" target=\"_self\" >Sigortal\u0131 Otomatik Transfer \u015ealteri<\/a><\/h4><\/div><\/div>\n<div class=\"col-md-3 col-sm-6 col-xs-12 pt-cv-content-item pt-cv-1-col\"  data-pid=\"6273\"><div class='pt-cv-ifield'><a href=\"https:\/\/www.artealpan.com\/index.php\/2022\/02\/09\/sigma-enversor-kontaktorleri\/\" class=\"_self pt-cv-href-thumbnail pt-cv-thumb-default cvplbd\" target=\"_self\" ><img width=\"300\" height=\"281\" src=\"https:\/\/www.artealpan.com\/wp-content\/uploads\/2022\/02\/Enversor-Kontaktorleri-300x281.jpg\" class=\"pt-cv-thumbnail img-thumbnail no-lazyload \" alt=\"Envers\u00f6r Kontakt\u00f6rleri\" srcset=\"https:\/\/www.artealpan.com\/wp-content\/uploads\/2022\/02\/Enversor-Kontaktorleri-300x281.jpg 300w, https:\/\/www.artealpan.com\/wp-content\/uploads\/2022\/02\/Enversor-Kontaktorleri.jpg 419w\" sizes=\"(max-width: 300px) 100vw, 300px\" \/><\/a>\n<h4 class=\"pt-cv-title\"><a href=\"https:\/\/www.artealpan.com\/index.php\/2022\/02\/09\/sigma-enversor-kontaktorleri\/\" class=\"_self cvplbd\" target=\"_self\" >Envers\u00f6r Kontakt\u00f6rleri<\/a><\/h4><\/div><\/div>\n<div class=\"col-md-3 col-sm-6 col-xs-12 pt-cv-content-item pt-cv-1-col\"  data-pid=\"6275\"><div class='pt-cv-ifield'><a href=\"https:\/\/www.artealpan.com\/index.php\/2022\/02\/09\/sigma-toroidal-akim-trafosu\/\" class=\"_self pt-cv-href-thumbnail pt-cv-thumb-default cvplbd\" target=\"_self\" ><img width=\"300\" height=\"281\" src=\"https:\/\/www.artealpan.com\/wp-content\/uploads\/2022\/02\/Toroidal-Akim-Trafosu-300x281.jpg\" class=\"pt-cv-thumbnail img-thumbnail no-lazyload \" alt=\"Toroidal Ak\u0131m Trafosu\" srcset=\"https:\/\/www.artealpan.com\/wp-content\/uploads\/2022\/02\/Toroidal-Akim-Trafosu-300x281.jpg 300w, https:\/\/www.artealpan.com\/wp-content\/uploads\/2022\/02\/Toroidal-Akim-Trafosu.jpg 419w\" sizes=\"(max-width: 300px) 100vw, 300px\" \/><\/a>\n<h4 class=\"pt-cv-title\"><a href=\"https:\/\/www.artealpan.com\/index.php\/2022\/02\/09\/sigma-toroidal-akim-trafosu\/\" class=\"_self cvplbd\" target=\"_self\" >Toroidal Ak\u0131m Trafosu<\/a><\/h4><\/div><\/div>\n<div class=\"col-md-3 col-sm-6 col-xs-12 pt-cv-content-item pt-cv-1-col\"  data-pid=\"6277\"><div class='pt-cv-ifield'><a href=\"https:\/\/www.artealpan.com\/index.php\/2022\/02\/09\/sigma-termik-roleler\/\" class=\"_self pt-cv-href-thumbnail pt-cv-thumb-default cvplbd\" target=\"_self\" ><img width=\"300\" height=\"281\" src=\"https:\/\/www.artealpan.com\/wp-content\/uploads\/2022\/02\/Termik-Roleler-300x281.jpg\" class=\"pt-cv-thumbnail img-thumbnail no-lazyload \" alt=\"Termik R\u00f6leler\" srcset=\"https:\/\/www.artealpan.com\/wp-content\/uploads\/2022\/02\/Termik-Roleler-300x281.jpg 300w, https:\/\/www.artealpan.com\/wp-content\/uploads\/2022\/02\/Termik-Roleler.jpg 419w\" sizes=\"(max-width: 300px) 100vw, 300px\" \/><\/a>\n<h4 class=\"pt-cv-title\"><a href=\"https:\/\/www.artealpan.com\/index.php\/2022\/02\/09\/sigma-termik-roleler\/\" class=\"_self cvplbd\" target=\"_self\" >Termik R\u00f6leler<\/a><\/h4><\/div><\/div>\n<div class=\"col-md-3 col-sm-6 col-xs-12 pt-cv-content-item pt-cv-1-col\"  data-pid=\"6279\"><div class='pt-cv-ifield'><a href=\"https:\/\/www.artealpan.com\/index.php\/2022\/02\/09\/sigma-yildiz-ucgen-gecikmeli-zaman-rolesi\/\" class=\"_self pt-cv-href-thumbnail pt-cv-thumb-default cvplbd\" target=\"_self\" ><img width=\"300\" height=\"281\" src=\"https:\/\/www.artealpan.com\/wp-content\/uploads\/2022\/02\/Yildiz-Ucgen-Gecikmeli-Zaman-Rolesi-300x281.jpg\" class=\"pt-cv-thumbnail img-thumbnail no-lazyload \" alt=\"Y\u0131ld\u0131z\/\u00dc\u00e7gen Gecikmeli Zaman R\u00f6lesi\" srcset=\"https:\/\/www.artealpan.com\/wp-content\/uploads\/2022\/02\/Yildiz-Ucgen-Gecikmeli-Zaman-Rolesi-300x281.jpg 300w, https:\/\/www.artealpan.com\/wp-content\/uploads\/2022\/02\/Yildiz-Ucgen-Gecikmeli-Zaman-Rolesi.jpg 419w\" sizes=\"(max-width: 300px) 100vw, 300px\" \/><\/a>\n<h4 class=\"pt-cv-title\"><a href=\"https:\/\/www.artealpan.com\/index.php\/2022\/02\/09\/sigma-yildiz-ucgen-gecikmeli-zaman-rolesi\/\" class=\"_self cvplbd\" target=\"_self\" >Y\u0131ld\u0131z\/\u00dc\u00e7gen Gecikmeli Zaman R\u00f6lesi<\/a><\/h4><\/div><\/div>\n<div class=\"col-md-3 col-sm-6 col-xs-12 pt-cv-content-item pt-cv-1-col\"  data-pid=\"6281\"><div class='pt-cv-ifield'><a href=\"https:\/\/www.artealpan.com\/index.php\/2022\/02\/09\/sigma-motorlu-otomatik-transfer-salteri\/\" class=\"_self pt-cv-href-thumbnail pt-cv-thumb-default cvplbd\" target=\"_self\" ><img width=\"300\" height=\"281\" src=\"https:\/\/www.artealpan.com\/wp-content\/uploads\/2022\/02\/Motorlu-Otomatik-Transfer-Salteri-300x281.jpg\" class=\"pt-cv-thumbnail img-thumbnail no-lazyload \" alt=\"Motorlu Otomatik Transfer \u015ealteri\" srcset=\"https:\/\/www.artealpan.com\/wp-content\/uploads\/2022\/02\/Motorlu-Otomatik-Transfer-Salteri-300x281.jpg 300w, https:\/\/www.artealpan.com\/wp-content\/uploads\/2022\/02\/Motorlu-Otomatik-Transfer-Salteri.jpg 419w\" sizes=\"(max-width: 300px) 100vw, 300px\" \/><\/a>\n<h4 class=\"pt-cv-title\"><a href=\"https:\/\/www.artealpan.com\/index.php\/2022\/02\/09\/sigma-motorlu-otomatik-transfer-salteri\/\" class=\"_self cvplbd\" target=\"_self\" >Motorlu Otomatik Transfer \u015ealteri<\/a><\/h4><\/div><\/div>\n<div class=\"col-md-3 col-sm-6 col-xs-12 pt-cv-content-item pt-cv-1-col\"  data-pid=\"6259\"><div class='pt-cv-ifield'><a href=\"https:\/\/www.artealpan.com\/index.php\/2022\/02\/09\/sigma-ag-devre-kesicileri\/\" class=\"_self pt-cv-href-thumbnail pt-cv-thumb-default cvplbd\" target=\"_self\" ><img width=\"300\" height=\"281\" src=\"https:\/\/www.artealpan.com\/wp-content\/uploads\/2022\/02\/ag-devre-kesici-300x281.jpg\" class=\"pt-cv-thumbnail img-thumbnail no-lazyload \" alt=\"AG Devre Kesicileri\" srcset=\"https:\/\/www.artealpan.com\/wp-content\/uploads\/2022\/02\/ag-devre-kesici-300x281.jpg 300w, https:\/\/www.artealpan.com\/wp-content\/uploads\/2022\/02\/ag-devre-kesici.jpg 419w\" sizes=\"(max-width: 300px) 100vw, 300px\" \/><\/a>\n<h4 class=\"pt-cv-title\"><a href=\"https:\/\/www.artealpan.com\/index.php\/2022\/02\/09\/sigma-ag-devre-kesicileri\/\" class=\"_self cvplbd\" target=\"_self\" >AG Devre Kesicileri<\/a><\/h4><\/div><\/div>\n<div class=\"col-md-3 col-sm-6 col-xs-12 pt-cv-content-item pt-cv-1-col\"  data-pid=\"6261\"><div class='pt-cv-ifield'><a href=\"https:\/\/www.artealpan.com\/index.php\/2022\/02\/09\/sigma-sinyal-lambalari\/\" class=\"_self pt-cv-href-thumbnail pt-cv-thumb-default cvplbd\" target=\"_self\" ><img width=\"300\" height=\"281\" src=\"https:\/\/www.artealpan.com\/wp-content\/uploads\/2022\/02\/sinyal-lambalar-300x281.jpg\" class=\"pt-cv-thumbnail img-thumbnail no-lazyload \" alt=\"Sinyal Lambalar\u0131\" srcset=\"https:\/\/www.artealpan.com\/wp-content\/uploads\/2022\/02\/sinyal-lambalar-300x281.jpg 300w, https:\/\/www.artealpan.com\/wp-content\/uploads\/2022\/02\/sinyal-lambalar.jpg 419w\" sizes=\"(max-width: 300px) 100vw, 300px\" \/><\/a>\n<h4 class=\"pt-cv-title\"><a href=\"https:\/\/www.artealpan.com\/index.php\/2022\/02\/09\/sigma-sinyal-lambalari\/\" class=\"_self cvplbd\" target=\"_self\" >Sinyal Lambalar\u0131<\/a><\/h4><\/div><\/div>\n<div class=\"col-md-3 col-sm-6 col-xs-12 pt-cv-content-item pt-cv-1-col\"  data-pid=\"6263\"><div class='pt-cv-ifield'><a href=\"https:\/\/www.artealpan.com\/index.php\/2022\/02\/09\/sigma-kacak-akim-algilamali-ag-devre-kesicileri\/\" class=\"_self pt-cv-href-thumbnail pt-cv-thumb-default cvplbd\" target=\"_self\" ><img width=\"300\" height=\"281\" src=\"https:\/\/www.artealpan.com\/wp-content\/uploads\/2022\/02\/Kacak-Akim-Algilamali-AG-Devre-Kesicileri-300x281.jpg\" class=\"pt-cv-thumbnail img-thumbnail no-lazyload \" alt=\"Ka\u00e7ak Ak\u0131m Alg\u0131lamal\u0131 AG Devre Kesicileri\" srcset=\"https:\/\/www.artealpan.com\/wp-content\/uploads\/2022\/02\/Kacak-Akim-Algilamali-AG-Devre-Kesicileri-300x281.jpg 300w, https:\/\/www.artealpan.com\/wp-content\/uploads\/2022\/02\/Kacak-Akim-Algilamali-AG-Devre-Kesicileri.jpg 419w\" sizes=\"(max-width: 300px) 100vw, 300px\" \/><\/a>\n<h4 class=\"pt-cv-title\"><a href=\"https:\/\/www.artealpan.com\/index.php\/2022\/02\/09\/sigma-kacak-akim-algilamali-ag-devre-kesicileri\/\" class=\"_self cvplbd\" target=\"_self\" >Ka\u00e7ak Ak\u0131m Alg\u0131lamal\u0131 AG Devre Kesicileri<\/a><\/h4><\/div><\/div>\n<div class=\"col-md-3 col-sm-6 col-xs-12 pt-cv-content-item pt-cv-1-col\"  data-pid=\"6265\"><div class='pt-cv-ifield'><a href=\"https:\/\/www.artealpan.com\/index.php\/2022\/02\/09\/sigma-7-pozisyonlu-komutator\/\" class=\"_self pt-cv-href-thumbnail pt-cv-thumb-default cvplbd\" target=\"_self\" ><img width=\"300\" height=\"281\" src=\"https:\/\/www.artealpan.com\/wp-content\/uploads\/2022\/02\/7-Pozisyonlu-Komutator-300x281.jpg\" class=\"pt-cv-thumbnail img-thumbnail no-lazyload \" alt=\"7 Pozisyonlu Kom\u00fctat\u00f6r\" srcset=\"https:\/\/www.artealpan.com\/wp-content\/uploads\/2022\/02\/7-Pozisyonlu-Komutator-300x281.jpg 300w, https:\/\/www.artealpan.com\/wp-content\/uploads\/2022\/02\/7-Pozisyonlu-Komutator.jpg 419w\" sizes=\"(max-width: 300px) 100vw, 300px\" \/><\/a>\n<h4 class=\"pt-cv-title\"><a href=\"https:\/\/www.artealpan.com\/index.php\/2022\/02\/09\/sigma-7-pozisyonlu-komutator\/\" class=\"_self cvplbd\" target=\"_self\" >7 Pozisyonlu Kom\u00fctat\u00f6r<\/a><\/h4><\/div><\/div>\n<div class=\"col-md-3 col-sm-6 col-xs-12 pt-cv-content-item pt-cv-1-col\"  data-pid=\"6267\"><div class='pt-cv-ifield'><a href=\"https:\/\/www.artealpan.com\/index.php\/2022\/02\/09\/sigma-faz-gerilim-rolesi-gerilim-kontrol\/\" class=\"_self pt-cv-href-thumbnail pt-cv-thumb-default cvplbd\" target=\"_self\" ><img width=\"300\" height=\"281\" src=\"https:\/\/www.artealpan.com\/wp-content\/uploads\/2022\/02\/3-Faz-Gerilim-Rolesi-Gerilim-Kontrol-300x281.jpg\" class=\"pt-cv-thumbnail img-thumbnail no-lazyload \" alt=\"Faz Gerilim R\u00f6lesi (Gerilim Kontrol)\" srcset=\"https:\/\/www.artealpan.com\/wp-content\/uploads\/2022\/02\/3-Faz-Gerilim-Rolesi-Gerilim-Kontrol-300x281.jpg 300w, https:\/\/www.artealpan.com\/wp-content\/uploads\/2022\/02\/3-Faz-Gerilim-Rolesi-Gerilim-Kontrol.jpg 419w\" sizes=\"(max-width: 300px) 100vw, 300px\" \/><\/a>\n<h4 class=\"pt-cv-title\"><a href=\"https:\/\/www.artealpan.com\/index.php\/2022\/02\/09\/sigma-faz-gerilim-rolesi-gerilim-kontrol\/\" class=\"_self cvplbd\" target=\"_self\" >Faz Gerilim R\u00f6lesi (Gerilim Kontrol)<\/a><\/h4><\/div><\/div>\n<div class=\"col-md-3 col-sm-6 col-xs-12 pt-cv-content-item pt-cv-1-col\"  data-pid=\"6269\"><div class='pt-cv-ifield'><a href=\"https:\/\/www.artealpan.com\/index.php\/2022\/02\/09\/sigma-otomatik-transfer-salterleri\/\" class=\"_self pt-cv-href-thumbnail pt-cv-thumb-default cvplbd\" target=\"_self\" ><img width=\"300\" height=\"281\" src=\"https:\/\/www.artealpan.com\/wp-content\/uploads\/2022\/02\/Otomatik-Transfer-Salteri-1-300x281.jpg\" class=\"pt-cv-thumbnail img-thumbnail no-lazyload \" alt=\"Otomatik Transfer \u015ealterleri\" srcset=\"https:\/\/www.artealpan.com\/wp-content\/uploads\/2022\/02\/Otomatik-Transfer-Salteri-1-300x281.jpg 300w, https:\/\/www.artealpan.com\/wp-content\/uploads\/2022\/02\/Otomatik-Transfer-Salteri-1.jpg 419w\" sizes=\"(max-width: 300px) 100vw, 300px\" \/><\/a>\n<h4 class=\"pt-cv-title\"><a href=\"https:\/\/www.artealpan.com\/index.php\/2022\/02\/09\/sigma-otomatik-transfer-salterleri\/\" class=\"_self cvplbd\" target=\"_self\" >Otomatik Transfer \u015ealterleri<\/a><\/h4><\/div><\/div><\/div><\/div><\/div>\t\t\t<style type=\"text\/css\" id=\"pt-cv-inline-style-87699cf1wi\">#pt-cv-view-9a867091c9 .pt-cv-href-thumbnail  { margin-left: auto !important; margin-right: auto !important; display: block !important; text-align: center !important; clear: both !important; }\n#pt-cv-view-9a867091c9 .pt-cv-title a, #pt-cv-view-9a867091c9  .panel-title { font-weight: 600 !important; display: block !important; text-align: center !important; clear: both !important; }\n#pt-cv-view-9a867091c9 .pt-cv-carousel-caption  { background-color: rgba(51,51,51,.6) !important; }\n#pt-cv-view-9a867091c9 .pt-cv-specialp { background-color: #CC3333 !important }\n#pt-cv-view-9a867091c9 .pt-cv-specialp * { color: #fff !important; }\n#pt-cv-view-9a867091c9 .pt-cv-pficon  { color: #bbb !important; }\n#pt-cv-view-9a867091c9 .pt-cv-readmore  { color: #ffffff !important; background-color: #00aeef !important; }\n#pt-cv-view-9a867091c9 .pt-cv-readmore:hover  { color: #ffffff !important; background-color: #00aeef !important; }\n#pt-cv-view-9a867091c9  + .pt-cv-pagination-wrapper .pt-cv-more , #pt-cv-view-9a867091c9  + .pt-cv-pagination-wrapper .pagination .active a { color: #ffffff !important; background-color: #00aeef !important; }<\/style>\r\n\t\t\t\n","protected":false},"excerpt":{"rendered":"","protected":false},"author":1,"featured_media":0,"parent":6578,"menu_order":0,"comment_status":"closed","ping_status":"closed","template":"","meta":[],"_links":{"self":[{"href":"https:\/\/www.artealpan.com\/index.php\/wp-json\/wp\/v2\/pages\/6584"}],"collection":[{"href":"https:\/\/www.artealpan.com\/index.php\/wp-json\/wp\/v2\/pages"}],"about":[{"href":"https:\/\/www.artealpan.com\/index.php\/wp-json\/wp\/v2\/types\/page"}],"author":[{"embeddable":true,"href":"https:\/\/www.artealpan.com\/index.php\/wp-json\/wp\/v2\/users\/1"}],"replies":[{"embeddable":true,"href":"https:\/\/www.artealpan.com\/index.php\/wp-json\/wp\/v2\/comments?post=6584"}],"version-history":[{"count":2,"href":"https:\/\/www.artealpan.com\/index.php\/wp-json\/wp\/v2\/pages\/6584\/revisions"}],"predecessor-version":[{"id":6740,"href":"https:\/\/www.artealpan.com\/index.php\/wp-json\/wp\/v2\/pages\/6584\/revisions\/6740"}],"up":[{"embeddable":true,"href":"https:\/\/www.artealpan.com\/index.php\/wp-json\/wp\/v2\/pages\/6578"}],"wp:attachment":[{"href":"https:\/\/www.artealpan.com\/index.php\/wp-json\/wp\/v2\/media?parent=6584"}],"curies":[{"name":"wp","href":"https:\/\/api.w.org\/{rel}","templated":true}]}}