{"id":6566,"date":"2022-02-10T10:15:22","date_gmt":"2022-02-10T07:15:22","guid":{"rendered":"https:\/\/www.artealpan.com\/?page_id=6566"},"modified":"2022-02-10T17:19:45","modified_gmt":"2022-02-10T14:19:45","slug":"kurumsal","status":"publish","type":"page","link":"https:\/\/www.artealpan.com\/index.php\/kurumsal\/","title":{"rendered":"Kurumsal"},"content":{"rendered":"<p>\u015eirketimiz 2016 y\u0131l\u0131nda Ankara\u2019da kurulmu\u015ftur. ARTE ALPAN, Ba\u015fta \u015ealt grubu, kompanzasyon grubu ve end\u00fcstriyel elektrik malzemelerinin de perakende ve toptan sat\u0131\u015f hizmetlerini \u00fcstlenmektedir.<\/p>\n<p>konular\u0131nda m\u00fc\u015fterilerine en yeni teknolojileri kullanarak \u00e7\u00f6z\u00fcmler \u00fcretmektedir.<\/p>\n","protected":false},"excerpt":{"rendered":"<p>\u015eirketimiz 2016 y\u0131l\u0131nda Ankara\u2019da kurulmu\u015ftur. ARTE ALPAN, Ba\u015fta \u015ealt grubu, kompanzasyon grubu ve end\u00fcstriyel elektrik malzemelerinin de perakende ve toptan sat\u0131\u015f hizmetlerini \u00fcstlenmektedir. konular\u0131nda m\u00fc\u015fterilerine en yeni teknolojileri kullanarak \u00e7\u00f6z\u00fcmler \u00fcretmektedir.<\/p>\n","protected":false},"author":1,"featured_media":0,"parent":0,"menu_order":0,"comment_status":"closed","ping_status":"closed","template":"","meta":[],"_links":{"self":[{"href":"https:\/\/www.artealpan.com\/index.php\/wp-json\/wp\/v2\/pages\/6566"}],"collection":[{"href":"https:\/\/www.artealpan.com\/index.php\/wp-json\/wp\/v2\/pages"}],"about":[{"href":"https:\/\/www.artealpan.com\/index.php\/wp-json\/wp\/v2\/types\/page"}],"author":[{"embeddable":true,"href":"https:\/\/www.artealpan.com\/index.php\/wp-json\/wp\/v2\/users\/1"}],"replies":[{"embeddable":true,"href":"https:\/\/www.artealpan.com\/index.php\/wp-json\/wp\/v2\/comments?post=6566"}],"version-history":[{"count":2,"href":"https:\/\/www.artealpan.com\/index.php\/wp-json\/wp\/v2\/pages\/6566\/revisions"}],"predecessor-version":[{"id":6925,"href":"https:\/\/www.artealpan.com\/index.php\/wp-json\/wp\/v2\/pages\/6566\/revisions\/6925"}],"wp:attachment":[{"href":"https:\/\/www.artealpan.com\/index.php\/wp-json\/wp\/v2\/media?parent=6566"}],"curies":[{"name":"wp","href":"https:\/\/api.w.org\/{rel}","templated":true}]}}