{"id":6458,"date":"2022-02-10T09:49:13","date_gmt":"2022-02-10T06:49:13","guid":{"rendered":"https:\/\/www.artealpan.com\/index.php\/invt-gd20-serisi\/"},"modified":"2022-02-10T15:38:58","modified_gmt":"2022-02-10T12:38:58","slug":"invt-gd20-serisi","status":"publish","type":"page","link":"https:\/\/www.artealpan.com\/index.php\/invt-gd20-serisi\/","title":{"rendered":"INVT &#8211; GD20 Serisi"},"content":{"rendered":"<p><strong>Ekonomik Vekt\u00f6r Kontroll\u00fc S\u00fcr\u00fcc\u00fcler<\/strong><\/p>\n<p>Gooddrive100 serisi h\u0131z kontrol cihazlar\u0131; &nbsp; V \/ F (scalar) ve sens\u00f6rs\u00fcz vekt\u00f6r kontrol platformuna sahiptir. Yeni dizayn platform kullan\u0131larak m\u00fckemmel motor s\u00fcr\u00fc\u015f performas\u0131 sa\u011flar ve genel s\u00fcr\u00fcc\u00fc pazar\u0131na y\u00f6nelik \u00fcretilmi\u015f, basit, y\u00fcksek performansl\u0131 bir \u00fcr\u00fcnd\u00fcr.<\/p>\n<div><\/div>\n<div><\/div>\n<table border=\"0\" cellspacing=\"0\" cellpadding=\"0\">\n<tbody>\n<tr>\n<td>G\u00fc\u00e7 aral\u0131\u011f\u0131<\/td>\n<td>0.75 ~ 15 kW<\/td>\n<\/tr>\n<tr>\n<td>Giri\u015f gerilim aral\u0131\u011f\u0131<\/td>\n<td>400V (- +15%)<\/td>\n<\/tr>\n<tr>\n<td>Kontrol modu<\/td>\n<td>V \/ f ve a\u00e7\u0131k \u00e7evrim vekt\u00f6r kontroll\u00fc<\/td>\n<\/tr>\n<tr>\n<td>Frekans<\/td>\n<td>50\/60 Hz , Frekans aral\u0131\u011f\u0131 , 47-63 Hz<\/td>\n<\/tr>\n<tr>\n<td>Y\u00fcklenebilirlik<\/td>\n<td>%150 y\u00fcklenme 60 sn, %180 y\u00fcklenme 10 sn, %200 y\u00fcklenme 1 sn<\/td>\n<\/tr>\n<tr>\n<td>H\u0131z ayar aral\u0131\u011f\u0131<\/td>\n<td>1-100<\/td>\n<\/tr>\n<tr>\n<td>Genel \u00d6zellikler<\/td>\n<td>Geli\u015ftirilmi\u015f auto tuning fonksiyonu<\/td>\n<\/tr>\n<tr>\n<td><\/td>\n<td>Dahili fren k\u0131y\u0131c\u0131s\u0131<\/td>\n<\/tr>\n<tr>\n<td><\/td>\n<td>Dahili EMC Filtre (Kategori C3)<\/td>\n<\/tr>\n<tr>\n<td><\/td>\n<td>PID kontrol<\/td>\n<\/tr>\n<tr>\n<td><\/td>\n<td>Standart Modbus RTU ve ASCII destekli RS485 haberle\u015fme<\/td>\n<\/tr>\n<tr>\n<td><\/td>\n<td>Tork limit<\/td>\n<\/tr>\n<tr>\n<td><\/td>\n<td>Ba\u015flang\u0131\u00e7 Torku (0,5 Hz de %150 A\u00e7\u0131k \u00c7evrim Vekt\u00f6r Kontrolde)<\/td>\n<\/tr>\n<tr>\n<td><\/td>\n<td>So\u011futma i\u00e7in elektroni\u011fi izole eden hava kanal\u0131 yap\u0131s\u0131<\/td>\n<\/tr>\n<tr>\n<td><\/td>\n<td>Sanal terminaller<\/td>\n<\/tr>\n<\/tbody>\n<\/table>\n<p>&nbsp;<\/p>\n<p>&nbsp;<\/p>\n<table style=\"height: 410px;\" border=\"1\" width=\"611\" cellspacing=\"0\" cellpadding=\"0\">\n<tbody>\n<tr>\n<td>&nbsp;3 AC 380V<\/td>\n<td><\/td>\n<td><\/td>\n<td><\/td>\n<\/tr>\n<tr>\n<td>\u00dcR\u00dcN KODU<\/td>\n<td>&nbsp;G\u00dc\u00c7(kW)<\/td>\n<td>&nbsp;AKIM(A)<\/td>\n<td>&nbsp;BOYUTLAR(mm)Geni\u015flikX Y\u00fckseklikXDerinlik<\/td>\n<\/tr>\n<tr>\n<td>GD20-0R7G-4<\/td>\n<td>&nbsp;0.75KW<\/td>\n<td>&nbsp;2.5A<\/td>\n<td>&nbsp; 126x186x155<\/td>\n<\/tr>\n<tr>\n<td>GD20-1R5G-4<\/td>\n<td>&nbsp;1.5KW<\/td>\n<td>&nbsp;3.7A<\/td>\n<td>&nbsp; 126x186x155<\/td>\n<\/tr>\n<tr>\n<td>GD20-2R2G-4<\/td>\n<td>&nbsp;2.2KW<\/td>\n<td>&nbsp;5.0A<\/td>\n<td>&nbsp; 126x186x155<\/td>\n<\/tr>\n<tr>\n<td>GD20-004G-4<\/td>\n<td>&nbsp;4.0kKW<\/td>\n<td>&nbsp;9.5A<\/td>\n<td>&nbsp; 146x256x167<\/td>\n<\/tr>\n<tr>\n<td>GD20-5R5G-4<\/td>\n<td>&nbsp;5.5KW<\/td>\n<td>&nbsp;14.0A<\/td>\n<td>&nbsp; 146x256x167<\/td>\n<\/tr>\n<tr>\n<td>GD20-7R5G-4<\/td>\n<td>&nbsp;7.5KW<\/td>\n<td>&nbsp;18.5A<\/td>\n<td>&nbsp; 170x320x196,3<\/td>\n<\/tr>\n<tr>\n<td>GD20-011G-4<\/td>\n<td>&nbsp;11KW<\/td>\n<td>&nbsp;24.0A<\/td>\n<td>&nbsp; 170x320x196,3<\/td>\n<\/tr>\n<tr>\n<td>GD20-015G-4<\/td>\n<td>&nbsp;15KW<\/td>\n<td>&nbsp;32.0A<\/td>\n<td>&nbsp; 170x320x196,3<\/td>\n<\/tr>\n<\/tbody>\n<\/table>\n<p>&nbsp;<\/p>\n<ul>\n<li>Ambalaj Makinalar\u0131<\/li>\n<li>G\u0131da Makinalar\u0131<\/li>\n<li>Vin\u00e7<\/li>\n<li>Pompa Fan<\/li>\n<li>Tekstil Makinalar\u0131<\/li>\n<li>Plastik Makinalar\u0131<\/li>\n<\/ul>\n<p>.<\/p>\n","protected":false},"excerpt":{"rendered":"<p>Ekonomik Vekt\u00f6r Kontroll\u00fc S\u00fcr\u00fcc\u00fcler Gooddrive100 serisi h\u0131z kontrol cihazlar\u0131; &nbsp; V \/ F (scalar) ve sens\u00f6rs\u00fcz vekt\u00f6r kontrol platformuna sahiptir. Yeni dizayn platform kullan\u0131larak m\u00fckemmel motor s\u00fcr\u00fc\u015f performas\u0131 sa\u011flar ve genel s\u00fcr\u00fcc\u00fc pazar\u0131na y\u00f6nelik \u00fcretilmi\u015f, basit, y\u00fcksek performansl\u0131 bir \u00fcr\u00fcnd\u00fcr. G\u00fc\u00e7 aral\u0131\u011f\u0131 0.75 ~ 15 kW Giri\u015f gerilim aral\u0131\u011f\u0131 400V (- +15%) Kontrol modu V [&hellip;]<\/p>\n","protected":false},"author":1,"featured_media":6228,"parent":0,"menu_order":0,"comment_status":"closed","ping_status":"closed","template":"","meta":[],"_links":{"self":[{"href":"https:\/\/www.artealpan.com\/index.php\/wp-json\/wp\/v2\/pages\/6458"}],"collection":[{"href":"https:\/\/www.artealpan.com\/index.php\/wp-json\/wp\/v2\/pages"}],"about":[{"href":"https:\/\/www.artealpan.com\/index.php\/wp-json\/wp\/v2\/types\/page"}],"author":[{"embeddable":true,"href":"https:\/\/www.artealpan.com\/index.php\/wp-json\/wp\/v2\/users\/1"}],"replies":[{"embeddable":true,"href":"https:\/\/www.artealpan.com\/index.php\/wp-json\/wp\/v2\/comments?post=6458"}],"version-history":[{"count":1,"href":"https:\/\/www.artealpan.com\/index.php\/wp-json\/wp\/v2\/pages\/6458\/revisions"}],"predecessor-version":[{"id":6679,"href":"https:\/\/www.artealpan.com\/index.php\/wp-json\/wp\/v2\/pages\/6458\/revisions\/6679"}],"wp:featuredmedia":[{"embeddable":true,"href":"https:\/\/www.artealpan.com\/index.php\/wp-json\/wp\/v2\/media\/6228"}],"wp:attachment":[{"href":"https:\/\/www.artealpan.com\/index.php\/wp-json\/wp\/v2\/media?parent=6458"}],"curies":[{"name":"wp","href":"https:\/\/api.w.org\/{rel}","templated":true}]}}