{"id":6457,"date":"2022-02-10T09:49:13","date_gmt":"2022-02-10T06:49:13","guid":{"rendered":"https:\/\/www.artealpan.com\/index.php\/invt-gd10-serisi\/"},"modified":"2022-02-10T15:38:01","modified_gmt":"2022-02-10T12:38:01","slug":"invt-gd10-serisi","status":"publish","type":"page","link":"https:\/\/www.artealpan.com\/index.php\/invt-gd10-serisi\/","title":{"rendered":"INVT &#8211; GD10 Serisi"},"content":{"rendered":"<p><strong>Basit Uygulama S\u00fcr\u00fcc\u00fcleri<\/strong><\/p>\n<p>Goodrive10 serisi ekonomik h\u0131z kontrol cihazlar\u0131; k\u00fc\u00e7\u00fck g\u00fc\u00e7lerde genel ama\u00e7l\u0131 uygulamalar ve OEM pazar\u0131 i\u00e7in geli\u015ftirilmi\u015ftir. GD10; &nbsp;V\/f kontrol teknolojisine sahip, PID fonksiyonu, \u00e7oklu sabit h\u0131z , DC Frenleme, dahili modbus gibi \u00f6zelliklerin yan\u0131nda, ayn\u0131 segmentteki benzer \u00fcr\u00fcnlere g\u00f6re %15 daha az yer kaplar.<\/p>\n<table border=\"0\" cellspacing=\"0\" cellpadding=\"0\">\n<tbody>\n<tr>\n<td>G\u00fc\u00e7 aral\u0131\u011f\u0131<\/td>\n<td>0.75 ~ 2.2kW<\/td>\n<\/tr>\n<tr>\n<td>Giri\u015f gerilim aral\u0131\u011f\u0131<\/td>\n<td>220V (-15%) ~ 240V (+10%) ve 380V (-15%) ~ 440V (+10%)<\/td>\n<\/tr>\n<tr>\n<td>Kontrol modu<\/td>\n<td>V \/ f kontroll\u00fc<\/td>\n<\/tr>\n<tr>\n<td>Frekans<\/td>\n<td>50\/60 Hz , Frekans aral\u0131\u011f\u0131 47-63 Hz<\/td>\n<\/tr>\n<tr>\n<td>Y\u00fcklenebilirlik<\/td>\n<td>%150 y\u00fcklenme 60 sn, %180 y\u00fcklenme 10 sn, %200 y\u00fcklenme 1 sn<\/td>\n<\/tr>\n<tr>\n<td>H\u0131z ayar aral\u0131\u011f\u0131<\/td>\n<td>1-100<\/td>\n<\/tr>\n<tr>\n<td>Genel \u00d6zellikler<\/td>\n<td>Otomatik ak\u0131m limitleme fonksiyonu (motoru koruma ama\u00e7l\u0131)<\/td>\n<\/tr>\n<tr>\n<td><\/td>\n<td>PID kontrol<\/td>\n<\/tr>\n<tr>\n<td><\/td>\n<td>Standart Modbus RTU ve ASCII destekli RS485 haberle\u015fme.<\/td>\n<\/tr>\n<\/tbody>\n<\/table>\n<p>&nbsp;<\/p>\n<table border=\"1\" cellspacing=\"0\" cellpadding=\"0\">\n<tbody>\n<tr>\n<td colspan=\"4\">&nbsp;&nbsp;1 AC 220V<\/td>\n<\/tr>\n<tr>\n<td>\u00dcR\u00dcN KODU<\/td>\n<td>&nbsp;G\u00dc\u00c7(kW)<\/td>\n<td>&nbsp;AKIM(A)<\/td>\n<td>&nbsp;BOYUTLAR(mm)&nbsp;&nbsp;&nbsp;&nbsp;&nbsp;&nbsp; Geni\u015flikX Y\u00fckseklikXDerinlik<\/td>\n<\/tr>\n<tr>\n<td>GD10-0R4G-S2<\/td>\n<td>&nbsp;0,4KW<\/td>\n<td>&nbsp;2,5A<\/td>\n<td>&nbsp; 85x140x134,2<\/td>\n<\/tr>\n<tr>\n<td>GD10-0R7G-S2<\/td>\n<td>&nbsp;0,75KW<\/td>\n<td>&nbsp;4,2A<\/td>\n<td>&nbsp; 85x140X153,2<\/td>\n<\/tr>\n<tr>\n<td>GD10-1R5G-S2<\/td>\n<td>&nbsp;1,5KW<\/td>\n<td>&nbsp;7,5A<\/td>\n<td>&nbsp; 100x165x153,2<\/td>\n<\/tr>\n<tr>\n<td>GD10-2R2G-S2<\/td>\n<td>&nbsp;2,2KW<\/td>\n<td>&nbsp;11A<\/td>\n<td>&nbsp; 100x165x153,2<\/td>\n<\/tr>\n<tr>\n<td colspan=\"4\">&nbsp;&nbsp;3 AC 380V<\/td>\n<\/tr>\n<tr>\n<td>\u00dcR\u00dcN KODU<\/td>\n<td>&nbsp;G\u00dc\u00c7(kW)<\/td>\n<td>&nbsp;AKIM(A)<\/td>\n<td>&nbsp;BOYUTLAR(mm)<\/td>\n<\/tr>\n<tr>\n<td>GD10-0R7G-4<\/td>\n<td>&nbsp;0,75KW<\/td>\n<td>&nbsp;2,5A<\/td>\n<td>&nbsp; 100x165x153,2<\/td>\n<\/tr>\n<tr>\n<td>GD10-1R5G-4<\/td>\n<td>&nbsp;1,5KW<\/td>\n<td>&nbsp;4,2A<\/td>\n<td>&nbsp; 100x165x153,2<\/td>\n<\/tr>\n<tr>\n<td>GD10-2R2G-4<\/td>\n<td>&nbsp;2,2KW<\/td>\n<td>&nbsp;5,5A<\/td>\n<td>&nbsp; 100x165x153,2<\/td>\n<\/tr>\n<\/tbody>\n<\/table>\n<ul>\n<li>Ambalaj makinalar\u0131<\/li>\n<li>G\u0131da makinalar\u0131<\/li>\n<li>Is\u0131tma So\u011futma<\/li>\n<li>\u0130plik b\u00fck\u00fcm makinalar\u0131<\/li>\n<li>Plastik makinalar\u0131<\/li>\n<li>Genel kullan\u0131m ama\u00e7l\u0131 basit makina uygulamalar\u0131nda<\/li>\n<\/ul>\n","protected":false},"excerpt":{"rendered":"<p>Basit Uygulama S\u00fcr\u00fcc\u00fcleri Goodrive10 serisi ekonomik h\u0131z kontrol cihazlar\u0131; k\u00fc\u00e7\u00fck g\u00fc\u00e7lerde genel ama\u00e7l\u0131 uygulamalar ve OEM pazar\u0131 i\u00e7in geli\u015ftirilmi\u015ftir. GD10; &nbsp;V\/f kontrol teknolojisine sahip, PID fonksiyonu, \u00e7oklu sabit h\u0131z , DC Frenleme, dahili modbus gibi \u00f6zelliklerin yan\u0131nda, ayn\u0131 segmentteki benzer \u00fcr\u00fcnlere g\u00f6re %15 daha az yer kaplar. G\u00fc\u00e7 aral\u0131\u011f\u0131 0.75 ~ 2.2kW Giri\u015f gerilim aral\u0131\u011f\u0131 [&hellip;]<\/p>\n","protected":false},"author":1,"featured_media":6224,"parent":0,"menu_order":0,"comment_status":"closed","ping_status":"closed","template":"","meta":[],"_links":{"self":[{"href":"https:\/\/www.artealpan.com\/index.php\/wp-json\/wp\/v2\/pages\/6457"}],"collection":[{"href":"https:\/\/www.artealpan.com\/index.php\/wp-json\/wp\/v2\/pages"}],"about":[{"href":"https:\/\/www.artealpan.com\/index.php\/wp-json\/wp\/v2\/types\/page"}],"author":[{"embeddable":true,"href":"https:\/\/www.artealpan.com\/index.php\/wp-json\/wp\/v2\/users\/1"}],"replies":[{"embeddable":true,"href":"https:\/\/www.artealpan.com\/index.php\/wp-json\/wp\/v2\/comments?post=6457"}],"version-history":[{"count":1,"href":"https:\/\/www.artealpan.com\/index.php\/wp-json\/wp\/v2\/pages\/6457\/revisions"}],"predecessor-version":[{"id":6678,"href":"https:\/\/www.artealpan.com\/index.php\/wp-json\/wp\/v2\/pages\/6457\/revisions\/6678"}],"wp:featuredmedia":[{"embeddable":true,"href":"https:\/\/www.artealpan.com\/index.php\/wp-json\/wp\/v2\/media\/6224"}],"wp:attachment":[{"href":"https:\/\/www.artealpan.com\/index.php\/wp-json\/wp\/v2\/media?parent=6457"}],"curies":[{"name":"wp","href":"https:\/\/api.w.org\/{rel}","templated":true}]}}